{"id":21429,"date":"2026-05-12T11:31:58","date_gmt":"2026-05-12T08:31:58","guid":{"rendered":"https:\/\/netgroup.com\/privacy-policy-2\/"},"modified":"2026-05-12T11:45:47","modified_gmt":"2026-05-12T08:45:47","slug":"privacy-policy-2","status":"publish","type":"page","link":"https:\/\/netgroup.com\/et\/privacy-policy-2\/","title":{"rendered":"Privacy Policy"},"content":{"rendered":"\n<!-- Legal document generated by Complianz | GDPR\/CCPA Cookie N\u00f5usolek https:\/\/wordpress.org\/plugins\/complianz-gdpr -->\n<div id=\"cmplz-document\" class=\"cmplz-document privacy-statement cmplz-document-eu\"><p><i>This privacy statement was last updated on 3. Jul 2025 and applies to citizens and legal permanent residents of the European Economic Area and Switzerland.<\/i><br \/><br \/><\/p><p><p>In this privacy statement, we explain what we do with the data we obtain about you via <a href=\"https:\/\/netgroup.com\/et\/\">https:\/\/netgroup.com\/et\/<\/a>. We recommend you carefully read this statement. In our processing we comply with the requirements of privacy legislation. That means, among other things, that:<\/p><ul>\n                <li>we clearly state the purposes for which we process personal data. We do this by means of this privacy statement;<\/li>\n                <li>we aim to limit our collection of personal data to only the personal data required for legitimate purposes;<\/li>\n                <li>we first request your explicit consent to process your personal data in cases requiring your consent;<\/li>\n                <li>we take appropriate security measures to protect your personal data and also require this from parties that process personal data on our behalf;<\/li>\n                <li>we respect your right to access your personal data or have it corrected or deleted, at your request.<\/li>\n            <\/ul><p>If you have any questions, or want to know exactly what data we keep of you, please contact us.<\/p><\/p><h2>1. Purpose, data and retention period<\/h2>We may collect or receive personal information for a number of purposes connected with our business operations which may include the following: (click to expand)<details class=\"cmplz-dropdown dropdown-privacy-statement\"><summary><div><h3>1.1 Contact - Through phone, mail, email and\/or webforms<\/h3><\/div><\/summary><p class=\"cmplz-subtitle\">For this purpose we use the following data:<\/p><p><ul><li>A first and last name<\/li><li>An email address<\/li><li>A telephone number<\/li><li>Internet activity information, including, but not limited to, browsing history, search history, and information regarding a consumer&#039;s interaction with an Internet Web site, application, or advertisement<\/li><li>Geolocation data<\/li><\/ul><\/p><p class=\"cmplz-subtitle\">The basis on which we may process these data is:<\/p><p><a target=\"_blank\" rel=\"noopener noreferrer nofollow\" href=\"https:\/\/cookiedatabase.org\/legal-bases\/#consent\">Upon the provision of consent.<\/a><\/p><p class=\"cmplz-subtitle\">Retention period<\/p><p>We retain this data until the service is terminated.<\/p><\/details><details class=\"cmplz-dropdown dropdown-privacy-statement\"><summary><div><h3>1.2 Newsletters<\/h3><\/div><\/summary><p class=\"cmplz-subtitle\">For this purpose we use the following data:<\/p><p><ul><li>A first and last name<\/li><li>An email address<\/li><\/ul><\/p><p class=\"cmplz-subtitle\">The basis on which we may process these data is:<\/p><p><a target=\"_blank\" rel=\"noopener noreferrer nofollow\" href=\"https:\/\/cookiedatabase.org\/legal-bases\/#consent\">Upon the provision of consent.<\/a><\/p><p class=\"cmplz-subtitle\">Retention period<\/p><p>We retain this data until the service is terminated.<\/p><\/details><details class=\"cmplz-dropdown dropdown-privacy-statement\"><summary><div><h3>1.3 Compiling and analyzing statistics for website improvement.<\/h3><\/div><\/summary><p class=\"cmplz-subtitle\">For this purpose we use the following data:<\/p><p><ul><li>IP Address<\/li><li>Internet activity information, including, but not limited to, browsing history, search history, and information regarding a consumer&#039;s interaction with an Internet Web site, application, or advertisement<\/li><li>Geolocation data<\/li><\/ul><\/p><p class=\"cmplz-subtitle\">The basis on which we may process these data is:<\/p><p><a target=\"_blank\" rel=\"noopener noreferrer nofollow\" href=\"https:\/\/cookiedatabase.org\/legal-bases\/#consent\">Upon the provision of consent.<\/a><\/p><p class=\"cmplz-subtitle\">Retention period<\/p><p>We retain this data until the service is terminated.<\/p><\/details><details class=\"cmplz-dropdown dropdown-privacy-statement\"><summary><div><h3>1.4 To be able to offer personalized products and services<\/h3><\/div><\/summary><p class=\"cmplz-subtitle\">For this purpose we use the following data:<\/p><p><ul><li>Internet activity information, including, but not limited to, browsing history, search history, and information regarding a consumer&#039;s interaction with an Internet Web site, application, or advertisement<\/li><li>Geolocation data<\/li><li>IP Address<\/li><li>A first and last name<\/li><\/ul><\/p><p class=\"cmplz-subtitle\">The basis on which we may process these data is:<\/p><p><a target=\"_blank\" rel=\"noopener noreferrer nofollow\" href=\"https:\/\/cookiedatabase.org\/legal-bases\/#consent\">Upon the provision of consent.<\/a><\/p><p class=\"cmplz-subtitle\">Retention period<\/p><p>We retain this data until the service is terminated.<\/p><\/details><h2>2. K\u00fcpsised<\/h2><p>Our website uses cookies. For more information about cookies, please refer to our <a href=\"https:\/\/netgroup.com\/et\/kupsiste-poliitika\/\">Cookie Policy<\/a>.&nbsp;<\/p><h2>3. Disclosure practices<\/h2><p><p>We disclose personal information if we are required by law or by a court order, in response to a law enforcement agency, to the extent permitted under other provisions of law, to provide information, or for an investigation on a matter related to public safety.<\/p><p>If our website or organisation is taken over, sold, or involved in a merger or acquisition, your details may be disclosed to our advisers and any prospective purchasers and will be passed on to the new owners.<\/p><\/p><p>We have concluded a data Processing Agreement with Google.<\/p><h2>4. Security<\/h2><p>We are committed to the security of personal data. We take appropriate security measures to limit abuse of and unauthorized access to personal data. This ensures that only the necessary persons have access to your data, that access to the data is protected, and that our security measures are regularly reviewed.<\/p><p>The security measures we use consist of:<\/p><p><ul><li>ISO27001\/27002 Certification<\/li><li>Security measures of hardware that contain, or process personal data.<\/li><li>Vulnerability Detection<\/li><li>Veebileht Hardening\/Security Features<\/li><li>HTTP Strict Transport Security and related Security Headers and Browser Policies<\/li><li>(START)TLS \/ SSL \/ DANE Encryption<\/li><li>DKIM, SPF, DMARC and other specific DNS settings<\/li><li>Login Security<\/li><\/ul><\/p><h2>5. Third-party websites<\/h2><p>This privacy statement does not apply to third-party websites connected by links on our website. We cannot guarantee that these third parties handle your personal data in a reliable or secure manner. We recommend you read the privacy statements of these websites prior to making use of these websites.<\/p><h2>6. Amendments to this privacy statement<\/h2><p>We reserve the right to make amendments to this privacy statement. It is recommended that you consult this privacy statement regularly in order to be aware of any changes. In addition, we will actively inform you wherever possible.<\/p><h2>7. Accessing and modifying your data<\/h2><p>If you have any questions or want to know which personal data we have about you, please contact us. You can contact us by using the information below. You have the following rights:<\/p><ul>\n                <li>Teil on \u00f5igus teada, miks teie andmeid kogutakse, kuidas neid kasutatakse ja kui kaua need s\u00e4ilitatakse.<\/li>\n                <li>Juurdep\u00e4\u00e4su\u00f5igus: teil on \u00f5igus oma andmetele.<\/li>\n                <li>\u00d5igus parandada: teil on \u00f5igus andmeid t\u00e4iendada, parandada v\u00f5i kustutada.<\/li>\n                <li>Kui olete andnud n\u00f5usoleku, v\u00f5ite selle tagasi v\u00f5tta ja andmed kustutada.<\/li>\n                <li>Andmete \u00fclekandmise \u00f5igus: teil on \u00f5igus saada ja edastada oma andmed teisele teenusepakkujale.<\/li>\n                <li>\u00d5igus esitada vastuv\u00e4iteid: v\u00f5ite vastuv\u00e4ideld\u00fcandmete t\u00f6\u00f6tlemise vastu, v\u00e4lja arvatud erandjuhtudel.<\/li>\n            <\/ul><p>Please make sure to always clearly state who you are, so that we can be certain that we do not modify or delete any data of the wrong person.<\/p><h2>8. Submitting a complaint<\/h2><p>If you are not satisfied with the way in which we handle (a complaint about) the processing of your personal data, you have the right to submit a complaint to the Data Protection Authority.<\/p><h2>9. Kontaktandmed<\/h2><p>NET GROUP O\u00dc<br \/>\n        Harju maakond, Tallinn, Mustam\u00e4e linnaosa, A. H. Tammsaare tee 92, 13423 <br \/>\n        Estonia<br \/>\n        Veebileht: <a href=\"https:\/\/netgroup.com\/et\/\">https:\/\/netgroup.com\/et\/<\/a> <br \/>\n        Email: <span class=\"cmplz-obfuscate\">&#105;&#110;fo@<span class=\"cmplz-fmail-domain\">e&#120;&#046;&#099;&#111;&#109;<\/span>n&#101;t&#103;ro&#117;p&#046;&#099;o&#109;<\/span> <br \/>\n        Telefoninumber: +372 664 4355<\/p><\/div>\n","protected":false},"excerpt":{"rendered":"","protected":false},"author":2,"featured_media":0,"parent":0,"menu_order":0,"comment_status":"closed","ping_status":"closed","template":"","meta":{"_acf_changed":false,"content-type":"","footnotes":""},"class_list":["post-21429","page","type-page","status-publish","hentry"],"acf":[],"_links":{"self":[{"href":"https:\/\/netgroup.com\/et\/wp-json\/wp\/v2\/pages\/21429","targetHints":{"allow":["GET"]}}],"collection":[{"href":"https:\/\/netgroup.com\/et\/wp-json\/wp\/v2\/pages"}],"about":[{"href":"https:\/\/netgroup.com\/et\/wp-json\/wp\/v2\/types\/page"}],"author":[{"embeddable":true,"href":"https:\/\/netgroup.com\/et\/wp-json\/wp\/v2\/users\/2"}],"replies":[{"embeddable":true,"href":"https:\/\/netgroup.com\/et\/wp-json\/wp\/v2\/comments?post=21429"}],"version-history":[{"count":1,"href":"https:\/\/netgroup.com\/et\/wp-json\/wp\/v2\/pages\/21429\/revisions"}],"predecessor-version":[{"id":21432,"href":"https:\/\/netgroup.com\/et\/wp-json\/wp\/v2\/pages\/21429\/revisions\/21432"}],"wp:attachment":[{"href":"https:\/\/netgroup.com\/et\/wp-json\/wp\/v2\/media?parent=21429"}],"curies":[{"name":"wp","href":"https:\/\/api.w.org\/{rel}","templated":true}]}}