{"id":1628,"date":"2024-03-25T09:13:10","date_gmt":"2024-03-25T07:13:10","guid":{"rendered":"https:\/\/netgroup.com\/special\/?page_id=1628"},"modified":"2026-02-06T09:26:15","modified_gmt":"2026-02-06T07:26:15","slug":"dokumenditootluse-ja-otsingu-lahendus","status":"publish","type":"page","link":"https:\/\/netgroup.com\/special\/dokumenditootluse-ja-otsingu-lahendus\/","title":{"rendered":"Dokumendit\u00f6\u00f6tluse ja otsingu lahendus"},"content":{"rendered":"<div class=\"et_pb_section_0 et_pb_section et_section_regular et_block_section\"><div class=\"et_pb_row_0 et_pb_row et_block_row no-animation flex-md-column-reverse\"><div class=\"et_pb_column_0 et_pb_column et_pb_column_1_2 et_block_column et_pb_css_mix_blend_mode_passthrough\"><div class=\"et_pb_image_0 et_pb_image et_pb_module et_block_module\"><span class=\"et_pb_image_wrap\"><img loading=\"lazy\" decoding=\"async\" src=\"https:\/\/netgroup.com\/special\/wp-content\/uploads\/2024\/02\/llm.svg\" width=\"0\" height=\"0\" class=\"wp-image-1586\" title=\"llm\" alt=\"Konsuldist Koodini\" \/><\/span><\/div><\/div><div class=\"et_pb_column_1 et_pb_column et_pb_column_1_2 et-last-child et_block_column et_pb_css_mix_blend_mode_passthrough\"><div class=\"et_pb_text_0 et_pb_text et_pb_bg_layout_light et_pb_module et_block_module heading-lg asterisk-end white\"><div class=\"et_pb_text_inner\"><h1>Dokumendit\u00f6\u00f6tluse ja otsingu lahendus<\/h1>\n<\/div><\/div><div class=\"et_pb_text_1 et_pb_text et_pb_bg_layout_light et_pb_module et_block_module asterisk-start white\"><div class=\"et_pb_text_inner\"><h4>sinu vajadustele kohendatud AI<\/h4>\n<\/div><\/div><div class=\"et_pb_text_2 et_pb_text et_pb_bg_layout_light et_pb_module et_block_module et_pb_text_align_center-tablet et_pb_text_align_left-phone\"><div class=\"et_pb_text_inner\"><p>V\u00e4henda ebaolulist manuaalset t\u00f6\u00f6d r\u00e4tseplahendusena seadistatud suurte keelemudelite (LLM-id) abiga ja koge AI-l p\u00f5hineva dokumendit\u00f6\u00f6tluse ning otsingu lahenduse efektiivsust. Esita k\u00fcsimusi oma s\u00f5nadega ning lihtsusta sisuanal\u00fc\u00fcsi erinevates dokumentides v\u00f5i veebilehtedel.<\/p>\n<\/div><\/div><div class=\"et_pb_module et_pb_button_module_wrapper et_pb_button_0_wrapper preset--module--divi-button--a9fd2403-3003-4d2a-9402-6caa14ea1ffa_wrapper\"><a class=\"et_pb_button_0 et_pb_button et_pb_bg_layout_light et_pb_module et_block_module preset--module--divi-button--a9fd2403-3003-4d2a-9402-6caa14ea1ffa\" href=\"#contact\" target=\"_blank\">R\u00e4\u00e4gime l\u00e4hemalt<\/a><\/div><\/div><\/div><\/div><div class=\"et_pb_section_1 et_pb_section et_section_regular et_block_section\"><div class=\"et_pb_row_1 et_pb_row et_pb_equal_columns et_block_row preset--module--divi-row--32d95542-f55c-4f44-985b-2116fec50d1f\"><div class=\"et_pb_column_2 et_pb_column et_pb_column_1_2 et_block_column et_pb_css_mix_blend_mode_passthrough\"><div class=\"et_pb_text_3 et_pb_text et_pb_bg_layout_light et_pb_module et_block_module heading-lg\"><div class=\"et_pb_text_inner\"><h2>Nutikas lahendus erinevatele andmeallikatele<\/h2>\n<\/div><\/div><div class=\"et_pb_blurb_0 et_pb_blurb et_pb_bg_layout_light et_pb_blurb_position_top et_pb_module et_block_module\"><div class=\"et_pb_blurb_content\"><div class=\"et_pb_main_blurb_image\"><span class=\"et_pb_image_wrap et_pb_only_image_mode_wrap\"><img loading=\"lazy\" decoding=\"async\" src=\"https:\/\/netgroup.com\/special\/wp-content\/uploads\/2023\/01\/asteriks-white.svg\" width=\"332\" height=\"332\" sizes=\"(min-width: 0px) and (max-width: 0px) 0px, (min-width: 1px) 332px, 100vw\" class=\"et-waypoint et_pb_animation_top et_pb_animation_top_tablet et_pb_animation_top_phone wp-image-42\" \/><\/span><\/div><div class=\"et_pb_blurb_container\"><h4 class=\"et_pb_module_header\">Sobib erinevatele dokumentidele<\/h4><div class=\"et_pb_blurb_description\"><p>P\u00e4\u00e4se PDF-idele, Wordi dokumentidele, PowerPoint esitlustele ja veebilinkidele lihtsalt ligi<\/p>\n<\/div><\/div><\/div><\/div><div class=\"et_pb_blurb_1 et_pb_blurb et_pb_bg_layout_light et_pb_blurb_position_top et_pb_module et_block_module\"><div class=\"et_pb_blurb_content\"><div class=\"et_pb_main_blurb_image\"><span class=\"et_pb_image_wrap et_pb_only_image_mode_wrap\"><img loading=\"lazy\" decoding=\"async\" src=\"https:\/\/netgroup.com\/special\/wp-content\/uploads\/2023\/01\/asteriks-white.svg\" width=\"332\" height=\"332\" sizes=\"(min-width: 0px) and (max-width: 0px) 0px, (min-width: 1px) 332px, 100vw\" class=\"et-waypoint et_pb_animation_top et_pb_animation_top_tablet et_pb_animation_top_phone wp-image-42\" \/><\/span><\/div><div class=\"et_pb_blurb_container\"><h4 class=\"et_pb_module_header\">Paindlik andmet\u00f6\u00f6tlus<\/h4><div class=\"et_pb_blurb_description\"><p>T\u00f6\u00f6tle h\u00f5lpsasti tekste, diagramme, tabeleid ja graafikuid<\/p>\n<\/div><\/div><\/div><\/div><div class=\"et_pb_blurb_2 et_pb_blurb et_pb_bg_layout_light et_pb_blurb_position_top et_pb_module et_block_module\"><div class=\"et_pb_blurb_content\"><div class=\"et_pb_main_blurb_image\"><span class=\"et_pb_image_wrap et_pb_only_image_mode_wrap\"><img loading=\"lazy\" decoding=\"async\" src=\"https:\/\/netgroup.com\/special\/wp-content\/uploads\/2023\/01\/asteriks-white.svg\" width=\"332\" height=\"332\" sizes=\"(min-width: 0px) and (max-width: 0px) 0px, (min-width: 1px) 332px, 100vw\" class=\"et-waypoint et_pb_animation_top et_pb_animation_top_tablet et_pb_animation_top_phone wp-image-42\" \/><\/span><\/div><div class=\"et_pb_blurb_container\"><h4 class=\"et_pb_module_header\">Kiire otsing ja t\u00e4psed tulemused<\/h4><div class=\"et_pb_blurb_description\"><p>Leia erinevatest dokumentidest ja lehtedelt kiiresti <br \/>just see info, mida vajad<\/p>\n<\/div><\/div><\/div><\/div><div class=\"et_pb_blurb_3 et_pb_blurb et_pb_bg_layout_light et_pb_blurb_position_top et_pb_module et_block_module\"><div class=\"et_pb_blurb_content\"><div class=\"et_pb_main_blurb_image\"><span class=\"et_pb_image_wrap et_pb_only_image_mode_wrap\"><img loading=\"lazy\" decoding=\"async\" src=\"https:\/\/netgroup.com\/special\/wp-content\/uploads\/2023\/01\/asteriks-white.svg\" width=\"332\" height=\"332\" sizes=\"(min-width: 0px) and (max-width: 0px) 0px, (min-width: 1px) 332px, 100vw\" class=\"et-waypoint et_pb_animation_top et_pb_animation_top_tablet et_pb_animation_top_phone wp-image-42\" \/><\/span><\/div><div class=\"et_pb_blurb_container\"><h4 class=\"et_pb_module_header\">Selged selgitused ja l\u00fchikokkuv\u00f5tted<\/h4><div class=\"et_pb_blurb_description\"><p>Saa detailsed vastused koos l\u00fchikeste andmeallikate loeteluga.<\/p>\n<\/div><\/div><\/div><\/div><\/div><div class=\"et_pb_column_3 et_pb_column et_pb_column_1_2 et-last-child et_block_column et_pb_css_mix_blend_mode_passthrough\"><div class=\"et_pb_image_1 et_pb_image et_pb_module et_block_module\"><span class=\"et_pb_image_wrap\"><img loading=\"lazy\" decoding=\"async\" src=\"https:\/\/netgroup.com\/special\/wp-content\/uploads\/2024\/03\/LLM-Model-2.png\" width=\"1500\" height=\"1776\" srcset=\"https:\/\/netgroup.com\/special\/wp-content\/uploads\/2024\/03\/LLM-Model-2.png 1500w, https:\/\/netgroup.com\/special\/wp-content\/uploads\/2024\/03\/LLM-Model-2-1280x1516.png 1280w, https:\/\/netgroup.com\/special\/wp-content\/uploads\/2024\/03\/LLM-Model-2-980x1160.png 980w, https:\/\/netgroup.com\/special\/wp-content\/uploads\/2024\/03\/LLM-Model-2-480x568.png 480w\" sizes=\"(min-width: 0px) and (max-width: 480px) 480px, (min-width: 481px) and (max-width: 980px) 980px, (min-width: 981px) and (max-width: 1280px) 1280px, (min-width: 1281px) 1500px, 100vw\" class=\"wp-image-1621\" title=\"LLM Model\" \/><\/span><\/div><\/div><\/div><\/div><div class=\"et_pb_section_2 et_pb_section et_section_regular et_block_section preset--module--divi-section--65634984-8a05-4657-bb91-fe03a759feee\" id=\"plaan\"><div class=\"et_pb_row_2 et_pb_row et_block_row\" id=\"discover\"><div class=\"et_pb_column_4 et_pb_column et_pb_column_4_4 et-last-child et_block_column et_pb_css_mix_blend_mode_passthrough\"><div class=\"et_pb_text_4 et_pb_text et_pb_bg_layout_light et_pb_module et_block_module heading-xl\"><div class=\"et_pb_text_inner\"><h2>Sinule kohandatud AI abiline turvariskide maandamiseks.<\/h2>\n<\/div><\/div><\/div><\/div><div class=\"et_pb_row_3 et_pb_row et_pb_equal_columns et_block_row align-items-center preset--module--divi-row--32d95542-f55c-4f44-985b-2116fec50d1f\"><div class=\"et_pb_column_5 et_pb_column et_pb_column_1_2 et_block_column et_pb_css_mix_blend_mode_passthrough\"><div class=\"et_pb_text_5 et_pb_text et_pb_bg_layout_light et_pb_module et_block_module large-text\"><div class=\"et_pb_text_inner\"><h2>Lokaalne v\u00f5i pilvep\u00f5hine<\/h2>\n<p>Vali majasisene dokumendit\u00f6\u00f6tluse ja otsingu lahendus, et vastata oma andmepoliitika n\u00f5uetele v\u00f5i eelistage pilvep\u00f5hist lahendust, kui GDPR v\u00f5i privaatsus ei ole takistuseks.<\/p>\n<\/div><\/div><\/div><div class=\"et_pb_column_6 et_pb_column et_pb_column_1_2 et-last-child et_block_column et_pb_css_mix_blend_mode_passthrough et_pb_section_parallax\"><span class=\"et-pb-parallax-wrapper\"><span class=\"et-pb-parallax-background et-pb-parallax-background-module--divi-column-6\" style=\"background-image:url(https:\/\/special.netgroup.com\/wp-content\/uploads\/2023\/01\/Campaign_pattern.svg)\"><\/span><\/span><div class=\"et_pb_image_2 et_pb_image et_pb_module et_block_module\"><span class=\"et_pb_image_wrap\"><img loading=\"lazy\" decoding=\"async\" src=\"https:\/\/netgroup.com\/special\/wp-content\/uploads\/2024\/02\/Cloud_clean.svg\" width=\"0\" height=\"0\" class=\"wp-image-1545\" title=\"Cloud_clean\" \/><\/span><\/div><\/div><\/div><div class=\"et_pb_row_4 et_pb_row et_pb_equal_columns et_block_row align-items-center flex-md-column-reverse preset--module--divi-row--32d95542-f55c-4f44-985b-2116fec50d1f\"><div class=\"et_pb_column_7 et_pb_column et_pb_column_1_2 et_block_column et_pb_css_mix_blend_mode_passthrough et_pb_section_parallax\"><span class=\"et-pb-parallax-wrapper\"><span class=\"et-pb-parallax-background et-pb-parallax-background-module--divi-column-7\" style=\"background-image:url(https:\/\/special.netgroup.com\/wp-content\/uploads\/2023\/01\/Campaign_pattern.svg)\"><\/span><\/span><div class=\"et_pb_image_3 et_pb_image et_pb_module et_block_module\"><span class=\"et_pb_image_wrap\"><img loading=\"lazy\" decoding=\"async\" src=\"https:\/\/netgroup.com\/special\/wp-content\/uploads\/2024\/02\/Integrations_clean-1.svg\" width=\"0\" height=\"0\" class=\"wp-image-1553\" title=\"Integrations_clean\" alt=\"Tarkvara kasutusele v\u00f5tmine\" \/><\/span><\/div><\/div><div class=\"et_pb_column_8 et_pb_column et_pb_column_1_2 et-last-child et_block_column et_pb_css_mix_blend_mode_passthrough\"><div class=\"et_pb_text_6 et_pb_text et_pb_bg_layout_light et_pb_module et_block_module large-text\"><div class=\"et_pb_text_inner\"><h2>Kohandatud liidestus<\/h2>\n<p>Liidesta meie nutikas dokumendit\u00f6\u00f6tluse ja otsingu lahendus sujuvalt olemasolevate s\u00fcsteemidega \u00fchtlase t\u00f6\u00f6voo ja andmete j\u00e4rjepidevuse tagamiseks.<\/p>\n<\/div><\/div><\/div><\/div><div class=\"et_pb_row_5 et_pb_row et_pb_equal_columns et_block_row align-items-center preset--module--divi-row--32d95542-f55c-4f44-985b-2116fec50d1f\"><div class=\"et_pb_column_9 et_pb_column et_pb_column_1_2 et_block_column et_pb_css_mix_blend_mode_passthrough\"><div class=\"et_pb_text_7 et_pb_text et_pb_bg_layout_light et_pb_module et_block_module large-text\"><div class=\"et_pb_text_inner\"><h2>GDPR n\u00f5uetele vastavus<\/h2>\n<p>Loodud sinu andmekaitse p\u00f5him\u00f5tteid j\u00e4rgides, vastab GDPR n\u00f5uetele v\u00f5i\/ja sisemistele andmekaitse reeglitele, et kasutamine oleks muretu.<\/p>\n<\/div><\/div><\/div><div class=\"et_pb_column_10 et_pb_column et_pb_column_1_2 et-last-child et_block_column et_pb_css_mix_blend_mode_passthrough et_pb_section_parallax\"><span class=\"et-pb-parallax-wrapper\"><span class=\"et-pb-parallax-background et-pb-parallax-background-module--divi-column-10\" style=\"background-image:url(https:\/\/special.netgroup.com\/wp-content\/uploads\/2023\/01\/Campaign_pattern.svg)\"><\/span><\/span><div class=\"et_pb_image_4 et_pb_image et_pb_module et_block_module\"><span class=\"et_pb_image_wrap\"><img loading=\"lazy\" decoding=\"async\" src=\"https:\/\/netgroup.com\/special\/wp-content\/uploads\/2024\/02\/GDPR_clean.svg\" width=\"0\" height=\"0\" class=\"wp-image-1546\" title=\"GDPR_clean\" alt=\"Konseptsioonimuudatus\" \/><\/span><\/div><\/div><\/div><div class=\"et_pb_row_6 et_pb_row et_pb_equal_columns et_block_row align-items-center flex-md-column-reverse preset--module--divi-row--32d95542-f55c-4f44-985b-2116fec50d1f\"><div class=\"et_pb_column_11 et_pb_column et_pb_column_1_2 et_block_column et_pb_css_mix_blend_mode_passthrough et_pb_section_parallax\"><span class=\"et-pb-parallax-wrapper\"><span class=\"et-pb-parallax-background et-pb-parallax-background-module--divi-column-11\" style=\"background-image:url(https:\/\/special.netgroup.com\/wp-content\/uploads\/2023\/01\/Campaign_pattern.svg)\"><\/span><\/span><div class=\"et_pb_image_5 et_pb_image et_pb_module et_block_module\"><span class=\"et_pb_image_wrap\"><img loading=\"lazy\" decoding=\"async\" src=\"https:\/\/netgroup.com\/special\/wp-content\/uploads\/2024\/02\/Scaling_clean.svg\" width=\"0\" height=\"0\" class=\"wp-image-1548\" title=\"Scaling_clean\" \/><\/span><\/div><\/div><div class=\"et_pb_column_12 et_pb_column et_pb_column_1_2 et-last-child et_block_column et_pb_css_mix_blend_mode_passthrough\"><div class=\"et_pb_text_8 et_pb_text et_pb_bg_layout_light et_pb_module et_block_module large-text\"><div class=\"et_pb_text_inner\"><h2>Toetab erinevaid andmeallikaid<\/h2>\n<p>Erinevad andmeallikad nagu PDF, Word dokumendid, PowerPoint esitlused, veebilehed on k\u00f5ik teretulnud. Dokumendit\u00f6\u00f6tluse ja otsingu lahendus on nutikas ning t\u00f6\u00f6tleb edukalt ka erilisi infot\u00fc\u00fcpe nagu mitmeveeruline tekst, diagrammid, tabelid, graafikud.<\/p>\n<\/div><\/div><\/div><\/div><\/div><div class=\"et_pb_section_3 et_pb_section et_section_regular et_block_section\" id=\"lahendus\"><div class=\"et_pb_row_7 et_pb_row et_block_row\"><div class=\"et_pb_column_13 et_pb_column et_pb_column_4_4 et-last-child et_block_column et_pb_css_mix_blend_mode_passthrough\"><div class=\"et_pb_image_6 et_pb_image et_pb_image_sticky et_pb_module et_block_module\"><span class=\"et_pb_image_wrap\"><img decoding=\"async\" src=\"https:\/\/special.netgroup.com\/wp-content\/uploads\/2023\/01\/Campaign_pattern.svg\" title=\"Campaign_pattern\" \/><\/span><\/div><\/div><\/div><div class=\"et_pb_row_8 et_pb_row et_block_row\"><div class=\"et_pb_column_14 et_pb_column et_pb_column_4_4 et-last-child et_block_column et_pb_css_mix_blend_mode_passthrough\"><div class=\"et_pb_text_9 et_pb_text et_pb_bg_layout_light et_pb_module et_block_module heading-xl\"><div class=\"et_pb_text_inner\"><h2>Nutikad tulemused koos andmeallikale viitamisega<\/h2>\n<\/div><\/div><\/div><\/div><div class=\"et_pb_row_9 et_pb_row et_pb_row_4col et_pb_equal_columns et_pb_gutters2 et_block_row et_block_row_4col preset--module--divi-row--32d95542-f55c-4f44-985b-2116fec50d1f\"><div class=\"et_pb_column_15 et_pb_column et_pb_column_1_4 et_block_column et_pb_css_mix_blend_mode_passthrough\"><div class=\"et_pb_blurb_4 et_pb_blurb et_pb_bg_layout_light et_pb_text_align_center et_pb_blurb_position_top et_pb_module et_block_module\"><div class=\"et_pb_blurb_content\"><div class=\"et_pb_main_blurb_image\"><span class=\"et_pb_image_wrap et_pb_only_image_mode_wrap\"><img loading=\"lazy\" decoding=\"async\" src=\"https:\/\/netgroup.com\/special\/wp-content\/uploads\/2023\/09\/Consultation-1.svg\" width=\"0\" height=\"0\" class=\"et-waypoint et_pb_animation_top et_pb_animation_top_tablet et_pb_animation_top_phone wp-image-1273\" \/><\/span><\/div><div class=\"et_pb_blurb_container\"><h4 class=\"et_pb_module_header\">Otselingid<\/h4><div class=\"et_pb_blurb_description\"><p>Saad kiire juurdep\u00e4\u00e4su \u00f5igele dokumendile, lehek\u00fcljele ja sektsioonile, et oleksid kiire ja t\u00e4pne vajaliku teabe leidmises.<\/p>\n<\/div><\/div><\/div><\/div><\/div><div class=\"et_pb_column_16 et_pb_column et_pb_column_1_4 et_block_column et_pb_css_mix_blend_mode_passthrough\"><div class=\"et_pb_blurb_5 et_pb_blurb et_pb_bg_layout_light et_pb_text_align_center et_pb_blurb_position_top et_pb_module et_block_module\"><div class=\"et_pb_blurb_content\"><div class=\"et_pb_main_blurb_image\"><span class=\"et_pb_image_wrap et_pb_only_image_mode_wrap\"><img loading=\"lazy\" decoding=\"async\" src=\"https:\/\/netgroup.com\/special\/wp-content\/uploads\/2024\/02\/Cloud-Systems-1.svg\" width=\"0\" height=\"0\" class=\"et-waypoint et_pb_animation_top et_pb_animation_top_tablet et_pb_animation_top_phone wp-image-1563\" \/><\/span><\/div><div class=\"et_pb_blurb_container\"><h4 class=\"et_pb_module_header\">Vastuste kokkuv\u00f5tted<\/h4><div class=\"et_pb_blurb_description\"><p>Dokumendit\u00f6\u00f6tluse ja otsingu lahendusega saad nii vastused kui ka erinevatest dokumentidest sisukokkuv\u00f5tted.<\/p>\n<\/div><\/div><\/div><\/div><\/div><div class=\"et_pb_column_17 et_pb_column et_pb_column_1_4 et_block_column et_pb_css_mix_blend_mode_passthrough\"><div class=\"et_pb_blurb_6 et_pb_blurb et_pb_bg_layout_light et_pb_text_align_center et_pb_blurb_position_top et_pb_module et_block_module\"><div class=\"et_pb_blurb_content\"><div class=\"et_pb_main_blurb_image\"><span class=\"et_pb_image_wrap et_pb_only_image_mode_wrap\"><img loading=\"lazy\" decoding=\"async\" src=\"https:\/\/netgroup.com\/special\/wp-content\/uploads\/2023\/09\/Roadmap-1.svg\" width=\"0\" height=\"0\" class=\"et-waypoint et_pb_animation_top et_pb_animation_top_tablet et_pb_animation_top_phone wp-image-1274\" \/><\/span><\/div><div class=\"et_pb_blurb_container\"><h4 class=\"et_pb_module_header\">T\u00e4psuse hindamine<\/h4><div class=\"et_pb_blurb_description\"><p>Tulemused saad koos t\u00e4psuse skooriga, mis anal\u00fc\u00fcsib erinevaid referentse ja allikaid, et anda sinule \u00fclevaade, kui t\u00e4pne on tulemus.<\/p>\n<\/div><\/div><\/div><\/div><\/div><div class=\"et_pb_column_18 et_pb_column et_pb_column_1_4 et-last-child et_block_column et_pb_css_mix_blend_mode_passthrough\"><div class=\"et_pb_blurb_7 et_pb_blurb et_pb_bg_layout_light et_pb_text_align_center et_pb_blurb_position_top et_pb_module et_block_module\"><div class=\"et_pb_blurb_content\"><div class=\"et_pb_main_blurb_image\"><span class=\"et_pb_image_wrap et_pb_only_image_mode_wrap\"><img loading=\"lazy\" decoding=\"async\" src=\"https:\/\/netgroup.com\/special\/wp-content\/uploads\/2023\/09\/Enterprise.svg\" width=\"0\" height=\"0\" class=\"et-waypoint et_pb_animation_top et_pb_animation_top_tablet et_pb_animation_top_phone wp-image-1278\" \/><\/span><\/div><div class=\"et_pb_blurb_container\"><h4 class=\"et_pb_module_header\">Vastuste p\u00f5hjendus<\/h4><div class=\"et_pb_blurb_description\"><p>P\u00e4ringud sisaldavad kokkuv\u00f5tlikuid tausta selgitusi, p\u00f5hjendades esitatud vastuste tagamaid ja esitades andmeallikate nimekirja.<\/p>\n<\/div><\/div><\/div><\/div><\/div><\/div><\/div><div class=\"et_pb_section_4 et_pb_section et_section_regular et_block_section\"><div class=\"et_pb_row_10 et_pb_row et_pb_equal_columns et_pb_gutters2 et_block_row align-items-center fade-row preset--module--divi-row--32d95542-f55c-4f44-985b-2116fec50d1f\"><div class=\"et_pb_column_19 et_pb_column et_pb_column_4_4 et-last-child et_block_column et_pb_css_mix_blend_mode_passthrough\"><div class=\"et_pb_code_0 et_pb_code et_pb_module fader-wrapper\"><div class=\"et_pb_code_inner\"><div class=\"fader left\">\n<\/div>\n<div class=\"fader right\">\n<\/div><\/div><\/div><div class=\"et_pb_text_10 et_pb_text et_pb_bg_layout_light et_pb_module et_block_module et_pb_text_align_center\"><div class=\"et_pb_text_inner\"><h2>Neile juba tegime r\u00e4tsep AI lahendused<\/h2>\n<\/div><\/div><\/div><\/div><\/div><div class=\"et_pb_section_5 et_pb_section et_section_regular et_block_section\" id=\"arikonsultatsioon\"><div class=\"et_pb_row_11 et_pb_row et_block_row\"><div class=\"et_pb_column_20 et_pb_column et_pb_column_4_4 et-last-child et_block_column et_pb_css_mix_blend_mode_passthrough\"><div class=\"et_pb_image_7 et_pb_image et_pb_image_sticky et_pb_module et_block_module animation-spin\"><span class=\"et_pb_image_wrap\"><img decoding=\"async\" src=\"https:\/\/special.netgroup.com\/wp-content\/uploads\/2023\/01\/asteriks-white.svg\" title=\"asteriks-white\" \/><\/span><\/div><\/div><\/div><div class=\"et_pb_row_12 et_pb_row et_pb_row_3-4_1-4 et_block_row et_block_row_3-4_1-4\"><div class=\"et_pb_column_21 et_pb_column et_pb_column_3_4 et_block_column et_pb_css_mix_blend_mode_passthrough\"><div class=\"et_pb_text_11 et_pb_text et_pb_bg_layout_light et_pb_module et_block_module heading-xl\"><div class=\"et_pb_text_inner\"><h2>Otsi, anal\u00fc\u00fcsi ja saa kommentaare. Kiiresti.<\/h2>\n<\/div><\/div><\/div><div class=\"et_pb_column_22 et_pb_column et_pb_column_1_4 et-last-child et_block_column et_pb_column_empty et_pb_css_mix_blend_mode_passthrough\"><\/div><\/div><div class=\"et_pb_row_13 et_pb_row et_pb_equal_columns et_pb_gutters2 et_block_row preset--module--divi-row--32d95542-f55c-4f44-985b-2116fec50d1f\"><div class=\"et_pb_column_23 et_pb_column et_pb_column_4_4 et-last-child et_block_column et_pb_css_mix_blend_mode_passthrough\"><div class=\"et_pb_image_8 et_pb_image et_pb_module et_block_module\"><span class=\"et_pb_image_wrap\"><img loading=\"lazy\" decoding=\"async\" src=\"https:\/\/netgroup.com\/special\/wp-content\/uploads\/2024\/03\/AI-Finding-Documents-1.png\" width=\"1920\" height=\"725\" srcset=\"https:\/\/netgroup.com\/special\/wp-content\/uploads\/2024\/03\/AI-Finding-Documents-1.png 1920w, https:\/\/netgroup.com\/special\/wp-content\/uploads\/2024\/03\/AI-Finding-Documents-1-1280x483.png 1280w, https:\/\/netgroup.com\/special\/wp-content\/uploads\/2024\/03\/AI-Finding-Documents-1-980x370.png 980w, https:\/\/netgroup.com\/special\/wp-content\/uploads\/2024\/03\/AI-Finding-Documents-1-480x181.png 480w\" sizes=\"(min-width: 0px) and (max-width: 480px) 480px, (min-width: 481px) and (max-width: 980px) 980px, (min-width: 981px) and (max-width: 1280px) 1280px, (min-width: 1281px) 1920px, 100vw\" class=\"wp-image-1622\" title=\"AI Finding Documents\" \/><\/span><\/div><\/div><\/div><div class=\"et_pb_row_14 et_pb_row et_block_row\"><div class=\"et_pb_column_24 et_pb_column et_pb_column_4_4 et-last-child et_block_column et_pb_css_mix_blend_mode_passthrough\"><div class=\"et_pb_image_9 et_pb_image et_pb_image_sticky et_pb_module et_block_module\"><span class=\"et_pb_image_wrap\"><img decoding=\"async\" src=\"https:\/\/special.netgroup.com\/wp-content\/uploads\/2023\/01\/Campaign_pattern.svg\" title=\"Campaign_pattern\" \/><\/span><\/div><\/div><\/div><\/div><div class=\"et_pb_section_6 et_pb_section et_section_regular et_block_section\"><div class=\"et_pb_row_15 et_pb_row et_block_row preset--module--divi-row--32d95542-f55c-4f44-985b-2116fec50d1f\"><div class=\"et_pb_column_25 et_pb_column et_pb_column_4_4 et-last-child et_block_column et_pb_css_mix_blend_mode_passthrough\"><div class=\"et_pb_text_12 et_pb_text et_pb_bg_layout_light et_pb_module et_block_module heading-lg\"><div class=\"et_pb_text_inner\"><h2>R\u00e4\u00e4gime sinu vajadusest ja meie nutikatest AI lahendusest.<\/h2>\n<\/div><\/div><div class=\"et_pb_module et_pb_button_module_wrapper et_pb_button_1_wrapper preset--module--divi-button--default_wrapper\"><a class=\"et_pb_button_1 et_pb_button et_pb_bg_layout_light et_pb_module et_block_module preset--module--divi-button--default\" href=\"mailto:info@netgroup.com\" target=\"_blank\">Jah, r\u00e4\u00e4gime<\/a><\/div><\/div><\/div><\/div>","protected":false},"excerpt":{"rendered":"","protected":false},"author":2,"featured_media":0,"parent":0,"menu_order":0,"comment_status":"closed","ping_status":"closed","template":"","meta":{"content-type":"","inline_featured_image":false,"_et_pb_use_builder":"on","_et_pb_old_content":"","_et_gb_content_width":"","footnotes":""},"class_list":["post-1628","page","type-page","status-publish","hentry"],"_links":{"self":[{"href":"https:\/\/netgroup.com\/special\/wp-json\/wp\/v2\/pages\/1628","targetHints":{"allow":["GET"]}}],"collection":[{"href":"https:\/\/netgroup.com\/special\/wp-json\/wp\/v2\/pages"}],"about":[{"href":"https:\/\/netgroup.com\/special\/wp-json\/wp\/v2\/types\/page"}],"author":[{"embeddable":true,"href":"https:\/\/netgroup.com\/special\/wp-json\/wp\/v2\/users\/2"}],"replies":[{"embeddable":true,"href":"https:\/\/netgroup.com\/special\/wp-json\/wp\/v2\/comments?post=1628"}],"version-history":[{"count":21,"href":"https:\/\/netgroup.com\/special\/wp-json\/wp\/v2\/pages\/1628\/revisions"}],"predecessor-version":[{"id":3879,"href":"https:\/\/netgroup.com\/special\/wp-json\/wp\/v2\/pages\/1628\/revisions\/3879"}],"wp:attachment":[{"href":"https:\/\/netgroup.com\/special\/wp-json\/wp\/v2\/media?parent=1628"}],"curies":[{"name":"wp","href":"https:\/\/api.w.org\/{rel}","templated":true}]}}