{"id":3008,"date":"2025-05-20T12:33:00","date_gmt":"2025-05-20T09:33:00","guid":{"rendered":"https:\/\/netgroup.com\/special\/?page_id=3008"},"modified":"2026-02-16T13:42:48","modified_gmt":"2026-02-16T11:42:48","slug":"pen-testimine","status":"publish","type":"page","link":"https:\/\/netgroup.com\/special\/pen-testimine\/","title":{"rendered":"PEN testimine"},"content":{"rendered":"<div class=\"et_pb_section_0 et_pb_section et_section_regular et_block_section preset--module--divi-section--c9c41a7f-80d9-4aaa-87a2-6a26edf7398d\">\n<div class=\"et_pb_row_0 et_pb_row et_block_row no-animation flex-md-column-reverse\">\n<div class=\"et_pb_column_0 et_pb_column et_pb_column_1_2 et_block_column et_pb_css_mix_blend_mode_passthrough\">\n\n\n\n\n\n<\/div>\n\n<div class=\"et_pb_column_1 et_pb_column et_pb_column_1_2 et-last-child et_block_column et_pb_css_mix_blend_mode_passthrough\">\n<div class=\"et_pb_image_0 et_pb_image et_pb_image_sticky et_pb_module et_block_module\"><span class=\"et_pb_image_wrap\"><img loading=\"lazy\" decoding=\"async\" src=\"https:\/\/netgroup.com\/special\/wp-content\/uploads\/2025\/03\/Asterisk_3D_bright-ColorRed.png\" width=\"1198\" height=\"1108\" srcset=\"https:\/\/netgroup.com\/special\/wp-content\/uploads\/2025\/03\/Asterisk_3D_bright-ColorRed.png 1198w, https:\/\/netgroup.com\/special\/wp-content\/uploads\/2025\/03\/Asterisk_3D_bright-ColorRed-980x906.png 980w, https:\/\/netgroup.com\/special\/wp-content\/uploads\/2025\/03\/Asterisk_3D_bright-ColorRed-480x444.png 480w\" sizes=\"(min-width: 0px) and (max-width: 480px) 480px, (min-width: 481px) and (max-width: 980px) 980px, (min-width: 981px) 1198px, 100vw\" class=\"wp-image-2372\" \/><\/span><\/div>\n\n<div class=\"et_pb_text_0 et_pb_text et_pb_bg_layout_dark et_pb_module et_block_module heading-lg asterisk-end white\"><div class=\"et_pb_text_inner\"><h1>PEN testimine<\/h1>\n<\/div><\/div>\n\n<div class=\"et_pb_text_1 et_pb_text et_pb_bg_layout_dark et_pb_module et_block_module asterisk-start white\"><div class=\"et_pb_text_inner\"><h4>Tugevda oma ettev\u00f5tte k\u00fcberturvet<\/h4>\n<\/div><\/div>\n\n<div class=\"et_pb_text_2 et_pb_text et_pb_bg_layout_dark et_pb_module et_block_module et_pb_text_align_center-tablet et_pb_text_align_left-phone\"><div class=\"et_pb_text_inner\"><p>Kaitse oma igap\u00e4evast \u00e4ritegevust ja tugevda oma kaitsev\u00f5imet. PEN testimine aitab tuvastada s\u00fcsteemide n\u00f5rkused enne, kui r\u00fcndajad neid \u00e4ra kasutavad. Meie kogenud spetsialistid viivad l\u00e4bi penetratsioonitestimise, mis j\u00e4ljendab p\u00e4riselu k\u00fcberr\u00fcnnakuid, et leida turval\u00fcngad, kaitsta tundlikke andmeid ja kindlustada su digivarad.<\/p>\n<\/div><\/div>\n\n<div class=\"et_pb_module et_pb_button_module_wrapper et_pb_button_0_wrapper preset--module--divi-button--a9fd2403-3003-4d2a-9402-6caa14ea1ffa_wrapper\"><a class=\"et_pb_button_0 et_pb_button et_pb_bg_layout_light et_pb_module et_block_module preset--module--divi-button--a9fd2403-3003-4d2a-9402-6caa14ea1ffa\" href=\"#book\" target=\"_blank\">Broneeri aeg<\/a><\/div>\n<\/div>\n<\/div>\n<\/div>\n\n<div class=\"et_pb_section_1 et_pb_section et_section_regular et_block_section preset--module--divi-section--c9c41a7f-80d9-4aaa-87a2-6a26edf7398d\" id=\"plaan\">\n<div class=\"et_pb_row_1 et_pb_row et_pb_equal_columns et_block_row align-items-center preset--module--divi-row--32d95542-f55c-4f44-985b-2116fec50d1f\">\n<div class=\"et_pb_column_2 et_pb_column et_pb_column_1_2 et_block_column et_pb_css_mix_blend_mode_passthrough\">\n\n\n\n\n\n\n<div class=\"et_pb_text_3 et_pb_text et_pb_bg_layout_dark et_pb_module et_block_module\"><div class=\"et_pb_text_inner\"><p>Net Groupis keskendume ennetavatele k\u00fcberturbelahendustele. Meie penetratsioonitestimine aitab tuvastada s\u00fcsteemi n\u00f5rkused ja annab konkreetsed soovitused, et su \u00e4ri oleks kaitstud ka muutuvate k\u00fcberohtude vastu.<\/p>\n<\/div><\/div>\n<\/div>\n\n<div class=\"et_pb_column_3 et_pb_column et_pb_column_1_2 et-last-child et_block_column et_pb_css_mix_blend_mode_passthrough et_pb_section_parallax\"><span class=\"et-pb-parallax-wrapper\"><span class=\"et-pb-parallax-background et-pb-parallax-background-module--divi-column-3\" style=\"background-image:url(https:\/\/special.netgroup.com\/wp-content\/uploads\/2023\/01\/Campaign_pattern.svg)\"><\/span><\/span>\n<div class=\"et_pb_image_1 et_pb_image et_pb_module et_block_module\"><span class=\"et_pb_image_wrap\"><img loading=\"lazy\" decoding=\"async\" src=\"https:\/\/netgroup.com\/special\/wp-content\/uploads\/2025\/05\/iStock-2212648891.jpg\" width=\"1440\" height=\"960\" srcset=\"https:\/\/netgroup.com\/special\/wp-content\/uploads\/2025\/05\/iStock-2212648891.jpg 1440w, https:\/\/netgroup.com\/special\/wp-content\/uploads\/2025\/05\/iStock-2212648891-1280x853.jpg 1280w, https:\/\/netgroup.com\/special\/wp-content\/uploads\/2025\/05\/iStock-2212648891-980x653.jpg 980w, https:\/\/netgroup.com\/special\/wp-content\/uploads\/2025\/05\/iStock-2212648891-480x320.jpg 480w\" sizes=\"(min-width: 0px) and (max-width: 480px) 480px, (min-width: 481px) and (max-width: 980px) 980px, (min-width: 981px) and (max-width: 1280px) 1280px, (min-width: 1281px) 1440px, 100vw\" class=\"wp-image-2939\" title=\"Cybersecurity Pen Testing\" alt=\"Cybersecurity Pen Testing\" \/><\/span><\/div>\n<\/div>\n<\/div>\n\n<div class=\"et_pb_row_2 et_pb_row et_pb_equal_columns et_block_row align-items-center reverse-columns preset--module--divi-row--32d95542-f55c-4f44-985b-2116fec50d1f\">\n<div class=\"et_pb_column_4 et_pb_column et_pb_column_1_2 et_block_column et_pb_css_mix_blend_mode_passthrough et_pb_section_parallax\"><span class=\"et-pb-parallax-wrapper\"><span class=\"et-pb-parallax-background et-pb-parallax-background-module--divi-column-4\" style=\"background-image:url(https:\/\/special.netgroup.com\/wp-content\/uploads\/2023\/01\/Campaign_pattern.svg)\"><\/span><\/span>\n<div class=\"et_pb_image_2 et_pb_image et_pb_module et_block_module\"><span class=\"et_pb_image_wrap\"><img loading=\"lazy\" decoding=\"async\" src=\"https:\/\/netgroup.com\/special\/wp-content\/uploads\/2025\/05\/iStock-2193735048.jpg\" width=\"1440\" height=\"960\" srcset=\"https:\/\/netgroup.com\/special\/wp-content\/uploads\/2025\/05\/iStock-2193735048.jpg 1440w, https:\/\/netgroup.com\/special\/wp-content\/uploads\/2025\/05\/iStock-2193735048-1280x853.jpg 1280w, https:\/\/netgroup.com\/special\/wp-content\/uploads\/2025\/05\/iStock-2193735048-980x653.jpg 980w, https:\/\/netgroup.com\/special\/wp-content\/uploads\/2025\/05\/iStock-2193735048-480x320.jpg 480w\" sizes=\"(min-width: 0px) and (max-width: 480px) 480px, (min-width: 481px) and (max-width: 980px) 980px, (min-width: 981px) and (max-width: 1280px) 1280px, (min-width: 1281px) 1440px, 100vw\" class=\"wp-image-2940\" title=\"Cybersecurity Red vs Blue Team\" alt=\"Cybersecurity Red vs Blue Team\" \/><\/span><\/div>\n<\/div>\n\n<div class=\"et_pb_column_5 et_pb_column et_pb_column_1_2 et-last-child et_block_column et_pb_css_mix_blend_mode_passthrough\">\n\n\n\n\n\n\n<div class=\"et_pb_text_4 et_pb_text et_pb_bg_layout_dark et_pb_module et_block_module\"><div class=\"et_pb_text_inner\"><p>Meie penetratsioonitestimine h\u00f5lmab nii punase kui ka sinise tiimi harjutusi. Punane tiim (Red Team) j\u00e4ljendab p\u00e4ris k\u00fcberr\u00fcnnakuid, et tuvastada haavatavused ja n\u00f5rkused. Samal ajal kaitseb sinine tiim (Blue Team) s\u00fcsteeme, reageerib ning t\u00e4iustab turvameetmeid reaalajas. Selline kahepoolne l\u00e4henemine tagab sinu ettev\u00f5ttele p\u00f5hjaliku k\u00fcberturbevalmiduse.<\/p>\n<\/div><\/div>\n<\/div>\n<\/div>\n\n<div class=\"et_pb_row_3 et_pb_row et_block_row preset--module--divi-row--32d95542-f55c-4f44-985b-2116fec50d1f\">\n<div class=\"et_pb_column_6 et_pb_column et_pb_column_1_2 et_block_column et_pb_css_mix_blend_mode_passthrough\">\n\n\n\n\n\n<\/div>\n\n<div class=\"et_pb_column_7 et_pb_column et_pb_column_1_2 et-last-child et_block_column et_pb_column_empty et_pb_css_mix_blend_mode_passthrough\"><\/div>\n<\/div>\n\n<div class=\"et_pb_row_4 et_pb_row et_pb_equal_columns et_pb_gutters2 et_block_row preset--module--divi-row--32d95542-f55c-4f44-985b-2116fec50d1f\">\n<div class=\"et_pb_column_8 et_pb_column et_pb_column_1_3 et_block_column et_pb_css_mix_blend_mode_passthrough\">\n<div class=\"et_pb_text_5 et_pb_text et_pb_bg_layout_light et_pb_module et_block_module large-text\"><div class=\"et_pb_text_inner\"><h4>1.<\/h4>\n<\/div><\/div>\n\n<div class=\"et_pb_text_6 et_pb_text et_pb_bg_layout_dark et_pb_module et_block_module large-text\"><div class=\"et_pb_text_inner\"><p><strong>P\u00f5hjalik hinnang<\/strong><\/p>\n<p>\u00a0Tuvasta turval\u00fcngad p\u00f5hjaliku testimise abil.<\/p>\n<\/div><\/div>\n<\/div>\n\n<div class=\"et_pb_column_9 et_pb_column et_pb_column_1_3 et_block_column et_pb_css_mix_blend_mode_passthrough\">\n<div class=\"et_pb_text_7 et_pb_text et_pb_bg_layout_light et_pb_module et_block_module large-text\"><div class=\"et_pb_text_inner\"><h4>2.<\/h4>\n<\/div><\/div>\n\n<div class=\"et_pb_text_8 et_pb_text et_pb_bg_layout_dark et_pb_module et_block_module large-text\"><div class=\"et_pb_text_inner\"><p><strong>Kohandatud testimisplaanid<\/strong><\/p>\n<p>Keskendu kriitilistele aladele ja sea fookus riskide maandamisele.<\/p>\n<\/div><\/div>\n<\/div>\n\n<div class=\"et_pb_column_10 et_pb_column et_pb_column_1_3 et-last-child et_block_column et_pb_css_mix_blend_mode_passthrough\">\n<div class=\"et_pb_text_9 et_pb_text et_pb_bg_layout_light et_pb_module et_block_module large-text\"><div class=\"et_pb_text_inner\"><h4>3.<\/h4>\n<\/div><\/div>\n\n<div class=\"et_pb_text_10 et_pb_text et_pb_bg_layout_dark et_pb_module et_block_module large-text\"><div class=\"et_pb_text_inner\"><p><strong>Detailne raporteerimine<\/strong><\/p>\n<p>Saad \u00fclevaatliku ja tegutsemiseks vajaliku raporti koos riskitasemete hinnangutega.<\/p>\n<\/div><\/div>\n<\/div>\n<\/div>\n\n<div class=\"et_pb_row_5 et_pb_row et_pb_equal_columns et_pb_gutters2 et_block_row preset--module--divi-row--32d95542-f55c-4f44-985b-2116fec50d1f\">\n<div class=\"et_pb_column_11 et_pb_column et_pb_column_1_3 et_block_column et_pb_css_mix_blend_mode_passthrough\">\n<div class=\"et_pb_text_11 et_pb_text et_pb_bg_layout_light et_pb_module et_block_module\"><div class=\"et_pb_text_inner\"><h4>4.<\/h4>\n<\/div><\/div>\n\n<div class=\"et_pb_text_12 et_pb_text et_pb_bg_layout_dark et_pb_module et_block_module large-text\"><div class=\"et_pb_text_inner\"><p><strong>Kiire reageerimine<\/strong><\/p>\n<p>\u00a0Paranda leitud n\u00f5rkused kiiresti, et v\u00e4hendada ohtu.<\/p>\n<\/div><\/div>\n<\/div>\n\n<div class=\"et_pb_column_12 et_pb_column et_pb_column_1_3 et_block_column et_pb_css_mix_blend_mode_passthrough\">\n<div class=\"et_pb_text_13 et_pb_text et_pb_bg_layout_light et_pb_module et_block_module\"><div class=\"et_pb_text_inner\"><h4>5.<\/h4>\n<\/div><\/div>\n\n<div class=\"et_pb_text_14 et_pb_text et_pb_bg_layout_dark et_pb_module et_block_module large-text\"><div class=\"et_pb_text_inner\"><p><strong>Pidev monitoorimine<\/strong><\/p>\n<p>P\u00fcsi sammu v\u00f5rra ees uute ohtude ees regulaarsete hindamiste kaudu.<\/p>\n<\/div><\/div>\n<\/div>\n\n<div class=\"et_pb_column_13 et_pb_column et_pb_column_1_3 et-last-child et_block_column et_pb_column_empty et_pb_css_mix_blend_mode_passthrough\"><\/div>\n<\/div>\n\n<div class=\"et_pb_row_6 et_pb_row et_block_row preset--module--divi-row--32d95542-f55c-4f44-985b-2116fec50d1f\">\n<div class=\"et_pb_column_14 et_pb_column et_pb_column_1_2 et_block_column et_pb_css_mix_blend_mode_passthrough\">\n<div class=\"et_pb_text_15 et_pb_text et_pb_bg_layout_dark et_pb_module et_block_module\"><div class=\"et_pb_text_inner\"><h2><span data-metadata=\"&lt;!--(figmeta)eyJmaWxlS2V5IjoiWTVLdmo2TjIwcjlCSFFDZFE3MXVTWSIsInBhc3RlSUQiOjM5NTE1Mjk5MywiZGF0YVR5cGUiOiJzY2VuZSJ9Cg==(\/figmeta)--&gt;\"><\/span>Secure Your Business Today<\/h2>\n<\/div><\/div>\n\n<div class=\"et_pb_text_16 et_pb_text et_pb_bg_layout_dark et_pb_module et_block_module\"><div class=\"et_pb_text_inner\"><h4><span data-metadata=\"&lt;!--(figmeta)eyJmaWxlS2V5IjoiWTVLdmo2TjIwcjlCSFFDZFE3MXVTWSIsInBhc3RlSUQiOjM5NTE1Mjk5MywiZGF0YVR5cGUiOiJzY2VuZSJ9Cg==(\/figmeta)--&gt;\"><\/span>Broneeri PEN testimine turvalisema homse nimel<\/h4>\n<\/div><\/div>\n\n<div class=\"et_pb_text_17 et_pb_text et_pb_bg_layout_light et_pb_module et_block_module\"><div class=\"et_pb_text_inner\"><p><code><iframe src=\"https:\/\/netgroup.com\/special\/wp-json\/ssa\/v1\/embed-inner?integration&type&label&types&edit&view&payment_provider&ssa_locale=en&ssa_is_rtl&sid=18a246d1c5798e15ad0f93513a999add7f270497&availability_start_date&availability_end_date&suggest_first_available&suggest_first_available_within_minutes&flow&fallback_flow&time_view&date_view&appointment_types_view&version&accent_color&background&padding&font&booking_url=https%3A%2F%2Fnetgroup.com%2Fspecial%2Fpen-testimine%2F&booking_post_id=3008&booking_title=PEN+testimine&_wpnonce=9a069af49d&redirect_post_id&mepr_membership_id#\/\" height=\"400px\" width=\"100%\" name=\"ssa_booking\" loading=\"eager\" frameborder=\"0\" data-skip-lazy=\"1\" class=\"ssa_booking_iframe skip-lazy\" title=\"Book a time\"><\/iframe><\/code><\/p>\n<\/div><\/div>\n<\/div>\n\n<div class=\"et_pb_column_15 et_pb_column et_pb_column_1_2 et-last-child et_block_column et_pb_css_mix_blend_mode_passthrough\">\n\n\n\n\n\n\n<div class=\"et_pb_image_3 et_pb_image et_pb_module et_flex_module\"><span class=\"et_pb_image_wrap\"><img loading=\"lazy\" decoding=\"async\" src=\"https:\/\/netgroup.com\/special\/wp-content\/uploads\/2024\/01\/arrow-to-right.svg\" width=\"0\" height=\"0\" class=\"wp-image-1403\" title=\"arrow-to-right\" \/><\/span><\/div>\n<\/div>\n<\/div>\n<\/div>\n\n<div class=\"et_pb_section_2 et_pb_section et_section_regular et_block_section no-animation\"><div class=\"et_pb_row_7 et_pb_row et_block_row no-animation preset--module--divi-row--32d95542-f55c-4f44-985b-2116fec50d1f\"><div class=\"et_pb_column_16 et_pb_column et_pb_column_1_3 et_block_column et_pb_css_mix_blend_mode_passthrough\"><div class=\"et_pb_image_4 et_pb_image et_pb_module et_block_module\"><span class=\"et_pb_image_wrap\"><img decoding=\"async\" src=\"https:\/\/benelux.netgroup.com\/wp-content\/uploads\/2023\/01\/NetGroup_Logo_Desaturated_White_RGB.svg\" title=\"NetGroup_Logo_Desaturated_White_RGB\" \/><\/span><\/div><div class=\"et_pb_text_18 et_pb_text et_pb_bg_layout_dark et_pb_module et_block_module\"><div class=\"et_pb_text_inner\"><h4>Net Group O\u00dc<\/h4>\n<p>A.H. Tammsaare tee 92<br \/>Tallinn 13423<br \/>Estonia<\/p>\n<\/div><\/div><\/div><div class=\"et_pb_column_17 et_pb_column et_pb_column_1_3 et_block_column et_pb_css_mix_blend_mode_passthrough\"><div class=\"et_pb_blurb_0 et_pb_blurb et_pb_bg_layout_dark et_pb_blurb_position_top et_pb_module et_block_module no-animation\"><div class=\"et_pb_blurb_content\"><div class=\"et_pb_blurb_container\"><h3 class=\"et_pb_module_header\">Telefon<\/h3><div class=\"et_pb_blurb_description\"><p><a href=\"tel:3726644355\">+372 664 4355<\/a><\/p>\n<\/div><\/div><\/div><\/div><div class=\"et_pb_blurb_1 et_pb_blurb et_pb_bg_layout_dark et_pb_blurb_position_top et_pb_module et_block_module\"><div class=\"et_pb_blurb_content\"><div class=\"et_pb_blurb_container\"><h3 class=\"et_pb_module_header\">E-mail<\/h3><div class=\"et_pb_blurb_description\"><p><a href=\"mailto:info@netgroup.com\">info@netgroup.com<\/a><\/p>\n<\/div><\/div><\/div><\/div><\/div><div class=\"et_pb_column_18 et_pb_column et_pb_column_1_3 et-last-child et_block_column et_pb_css_mix_blend_mode_passthrough\"><div class=\"et_pb_text_19 et_pb_text et_pb_bg_layout_dark et_pb_module et_block_module\"><div class=\"et_pb_text_inner\"><h4><a href=\"https:\/\/netgroup.com\/special\/privaatsuspoliitika\/\">Privaatsuspoliitika<\/a><\/h4>\n<\/div><\/div><div class=\"et_pb_text_20 et_pb_text et_pb_bg_layout_dark et_pb_module et_block_module\"><div class=\"et_pb_text_inner\"><h4>J\u00e4lgi meid<\/h4>\n<\/div><\/div><div class=\"et_pb_icon_0 et_pb_icon et_clickable et_pb_module et_block_module inline-icon\"><span class=\"et_pb_icon_wrap\"><a href=\"https:\/\/www.linkedin.com\/company\/net-group\/\" target=\"_blank\" rel=\"noopener\"><span class=\"et-pb-icon\">\ue09d<\/span><\/a><\/span><\/div><div class=\"et_pb_icon_1 et_pb_icon et_clickable et_pb_module et_block_module inline-icon\"><span class=\"et_pb_icon_wrap\"><a href=\"https:\/\/www.facebook.com\/netgroup\" target=\"_blank\" rel=\"noopener\"><span class=\"et-pb-icon\">\ue093<\/span><\/a><\/span><\/div><\/div><\/div><\/div>\n\n<div class=\"et_pb_section_3 et_pb_section et_section_regular et_block_section preset--module--divi-section--c9c41a7f-80d9-4aaa-87a2-6a26edf7398d\" id=\"arikonsultatsioon\">\n<div class=\"et_pb_row_8 et_pb_row et_block_row\">\n<div class=\"et_pb_column_19 et_pb_column et_pb_column_4_4 et-last-child et_block_column et_pb_css_mix_blend_mode_passthrough\">\n<div class=\"et_pb_image_5 et_pb_image et_pb_image_sticky et_pb_module et_block_module animation-spin\"><span class=\"et_pb_image_wrap\"><img loading=\"lazy\" decoding=\"async\" src=\"https:\/\/netgroup.com\/special\/wp-content\/uploads\/2023\/01\/asteriks-white.svg\" width=\"332\" height=\"332\" sizes=\"(min-width: 0px) and (max-width: 0px) 0px, (min-width: 1px) 332px, 100vw\" class=\"wp-image-42\" title=\"asteriks-white\" \/><\/span><\/div>\n<\/div>\n<\/div>\n\n<div class=\"et_pb_row_9 et_pb_row et_pb_row_3-4_1-4 et_block_row et_block_row_3-4_1-4\">\n<div class=\"et_pb_column_20 et_pb_column et_pb_column_3_4 et_block_column et_pb_css_mix_blend_mode_passthrough\">\n<div class=\"et_pb_text_21 et_pb_text et_pb_bg_layout_light et_pb_module et_block_module heading-xl\"><div class=\"et_pb_text_inner\"><h2>Frequently Asked Questions<\/h2>\n<\/div><\/div>\n<\/div>\n\n<div class=\"et_pb_column_21 et_pb_column et_pb_column_1_4 et-last-child et_block_column et_pb_column_empty et_pb_css_mix_blend_mode_passthrough\"><\/div>\n<\/div>\n\n<div class=\"et_pb_row_10 et_pb_row et_block_row preset--module--divi-row--32d95542-f55c-4f44-985b-2116fec50d1f\">\n<div class=\"et_pb_column_22 et_pb_column et_pb_column_4_4 et-last-child et_block_column et_pb_css_mix_blend_mode_passthrough\">\n<div class=\"et_pb_accordion_0 et_pb_accordion et_pb_module et_block_module\">\n<div class=\"et_pb_accordion_item_0 et_pb_accordion_item et_pb_toggle et_pb_module et_pb_toggle_open et_block_module\"><h4 class=\"et_pb_toggle_title\">Your Title Goes Here<\/h4><div class=\"et_pb_toggle_content\"><p>Your content goes here. Edit or remove this text inline or in the module Content settings. You can also style every aspect of this content in the module Design settings and even apply custom CSS to this text in the module Advanced settings.<\/p>\n<\/div><\/div>\n\n<div class=\"et_pb_accordion_item_1 et_pb_accordion_item et_pb_toggle et_pb_module et_pb_toggle_close et_block_module\"><h4 class=\"et_pb_toggle_title\">Your Title Goes Here<\/h4><div class=\"et_pb_toggle_content\"><p>Your content goes here. Edit or remove this text inline or in the module Content settings. You can also style every aspect of this content in the module Design settings and even apply custom CSS to this text in the module Advanced settings.<\/p>\n<\/div><\/div>\n\n<div class=\"et_pb_accordion_item_2 et_pb_accordion_item et_pb_toggle et_pb_module et_pb_toggle_close et_block_module\"><h4 class=\"et_pb_toggle_title\">Your Title Goes Here<\/h4><div class=\"et_pb_toggle_content\"><p>Your content goes here. Edit or remove this text inline or in the module Content settings. You can also style every aspect of this content in the module Design settings and even apply custom CSS to this text in the module Advanced settings.<\/p>\n<\/div><\/div>\n\n<div class=\"et_pb_accordion_item_3 et_pb_accordion_item et_pb_toggle et_pb_module et_pb_toggle_close et_block_module\"><h4 class=\"et_pb_toggle_title\">Your Title Goes Here<\/h4><div class=\"et_pb_toggle_content\"><p>Your content goes here. Edit or remove this text inline or in the module Content settings. You can also style every aspect of this content in the module Design settings and even apply custom CSS to this text in the module Advanced settings.<\/p>\n<\/div><\/div>\n\n<div class=\"et_pb_accordion_item_4 et_pb_accordion_item et_pb_toggle et_pb_module et_pb_toggle_close et_block_module\"><h4 class=\"et_pb_toggle_title\">Your Title Goes Here<\/h4><div class=\"et_pb_toggle_content\"><p>Your content goes here. Edit or remove this text inline or in the module Content settings. You can also style every aspect of this content in the module Design settings and even apply custom CSS to this text in the module Advanced settings.<\/p>\n<\/div><\/div>\n<\/div>\n<\/div>\n<\/div>\n<\/div>","protected":false},"excerpt":{"rendered":"","protected":false},"author":3,"featured_media":0,"parent":0,"menu_order":0,"comment_status":"closed","ping_status":"closed","template":"","meta":{"content-type":"","inline_featured_image":false,"_et_pb_use_builder":"on","_et_pb_old_content":"","_et_gb_content_width":"","footnotes":""},"class_list":["post-3008","page","type-page","status-publish","hentry"],"_links":{"self":[{"href":"https:\/\/netgroup.com\/special\/wp-json\/wp\/v2\/pages\/3008","targetHints":{"allow":["GET"]}}],"collection":[{"href":"https:\/\/netgroup.com\/special\/wp-json\/wp\/v2\/pages"}],"about":[{"href":"https:\/\/netgroup.com\/special\/wp-json\/wp\/v2\/types\/page"}],"author":[{"embeddable":true,"href":"https:\/\/netgroup.com\/special\/wp-json\/wp\/v2\/users\/3"}],"replies":[{"embeddable":true,"href":"https:\/\/netgroup.com\/special\/wp-json\/wp\/v2\/comments?post=3008"}],"version-history":[{"count":8,"href":"https:\/\/netgroup.com\/special\/wp-json\/wp\/v2\/pages\/3008\/revisions"}],"predecessor-version":[{"id":4225,"href":"https:\/\/netgroup.com\/special\/wp-json\/wp\/v2\/pages\/3008\/revisions\/4225"}],"wp:attachment":[{"href":"https:\/\/netgroup.com\/special\/wp-json\/wp\/v2\/media?parent=3008"}],"curies":[{"name":"wp","href":"https:\/\/api.w.org\/{rel}","templated":true}]}}