{"id":4442,"date":"2026-04-24T14:51:25","date_gmt":"2026-04-24T11:51:25","guid":{"rendered":"https:\/\/netgroup.com\/special\/?page_id=4442"},"modified":"2026-04-24T15:01:30","modified_gmt":"2026-04-24T12:01:30","slug":"deutschland-stack-event","status":"publish","type":"page","link":"https:\/\/netgroup.com\/special\/deutschland-stack-event\/","title":{"rendered":"Deutschland Stack Event"},"content":{"rendered":"<div class=\"et_pb_section_0 et_pb_section et_section_regular et_flex_section\">\n<div class=\"et_pb_row_0 et_pb_row et_flex_row no-animation\">\n<div class=\"et_pb_column_0 et_pb_column et_flex_column et_pb_css_mix_blend_mode_passthrough et_flex_column_24_24 et_flex_column_24_24_tablet et_flex_column_24_24_phone\">\n<div class=\"et_pb_image_0 et_pb_image et_pb_module et_block_module\"><span class=\"et_pb_image_wrap\"><img loading=\"lazy\" decoding=\"async\" src=\"https:\/\/netgroup.com\/special\/wp-content\/uploads\/2024\/05\/Circle_LightPink.svg\" title=\"Circle_LightPink\" width=\"1200\" height=\"1200\" sizes=\"(min-width: 0px) and (max-width: 0px) 0px, (min-width: 1px) 1200px, 100vw\" class=\"wp-image-1911\" \/><\/span><\/div>\n\n<div class=\"et_pb_text_0 et_pb_text et_pb_bg_layout_light et_pb_module et_flex_module heading-xxl\"><div class=\"et_pb_text_inner\"><h1>IT-Dienstleister auf dem Weg zum Enabler?<\/h1>\n<\/div><\/div>\n\n<div class=\"et_pb_text_1 et_pb_text et_pb_bg_layout_light et_pb_module et_flex_module heading-xxl\"><div class=\"et_pb_text_inner\"><h3>Plattformverantwortung im Deutschland-Stack<\/h3>\n<\/div><\/div>\n\n<div class=\"et_pb_text_2 et_pb_text et_pb_bg_layout_light et_pb_module et_block_module no-animation\"><div class=\"et_pb_text_inner\"><p>Die Macht verschiebt sich von Anbietern zu Plattformen und von Prozessen hin zu Self Service. Diese Einladung richtet sich an einen ausgew\u00e4hlten Kreis und beleuchtet, was dieser Wandel in der Praxis erfordert und ob IT Dienstleister bereit sind, echte Plattformverantwortung im Deutschland Stack zu \u00fcbernehmen.<\/p>\n<\/div><\/div>\n\n<div class=\"et_pb_group_0 et_pb_group et-last-child et_pb_module et_flex_group et_pb_css_mix_blend_mode_passthrough\">\n<div class=\"et_pb_module et_pb_button_module_wrapper et_pb_button_0_wrapper preset--module--divi-button--default_wrapper\"><a class=\"et_pb_button_0 et_pb_button et_pb_bg_layout_light et_pb_module et_flex_module preset--module--divi-button--default\" href=\"#rsvp\">Teilnahme best\u00e4tigen <\/a><\/div>\n\n<div class=\"et_pb_module et_pb_button_module_wrapper et_pb_button_1_wrapper preset--module--divi-button--6985ad3b6ebfb_wrapper\"><a class=\"et_pb_button_1 et_pb_button et_pb_bg_layout_light et_pb_module et_flex_module preset--module--divi-button--6985ad3b6ebfb\" href=\"#programme\">Programm ansehen <\/a><\/div>\n<\/div>\n<\/div>\n\n<div class=\"et_pb_column_1 et_pb_column et-last-child et_flex_column et_pb_css_mix_blend_mode_passthrough et_flex_column_24_24 et_flex_column_24_24_tablet et_flex_column_24_24_phone no-animation no-anim\">\n<div class=\"et_pb_image_1 et_pb_image et_pb_image_sticky et_pb_module et_flex_module\"><span class=\"et_pb_image_wrap\"><img loading=\"lazy\" decoding=\"async\" src=\"https:\/\/netgroup.com\/special\/wp-content\/uploads\/2025\/07\/pointing_right.svg\" title=\"pointing_right\" width=\"0\" height=\"0\" class=\"wp-image-3145\" \/><\/span><\/div>\n\n<div class=\"et_pb_group_1 et_pb_group et-last-child et_pb_module et_flex_group et_pb_css_mix_blend_mode_passthrough\">\n<div class=\"et_pb_blurb_0 et_pb_blurb et_pb_bg_layout_dark et_pb_blurb_position_left et_pb_module et_flex_module no-animation preset--group--divi-blurb--divi-attributes--twr99x2w27\"><div class=\"et_pb_blurb_content et_flex_module\"><div class=\"et_pb_main_blurb_image\"><span class=\"et_pb_image_wrap\"><span class=\"et-pb-icon et-waypoint et_pb_animation_top et_pb_animation_top_tablet et_pb_animation_top_phone\">\ue023<\/span><\/span><\/div><div class=\"et_pb_blurb_container\"><h4 class=\"et_pb_module_header\">19. Mai 2026 <\/h4><\/div><\/div><\/div>\n\n<div class=\"et_pb_blurb_1 et_pb_blurb et_pb_bg_layout_dark et_pb_blurb_position_left et_pb_module et_flex_module no-animation preset--group--divi-blurb--divi-attributes--twr99x2w27\"><div class=\"et_pb_blurb_content et_flex_module\"><div class=\"et_pb_main_blurb_image\"><span class=\"et_pb_image_wrap\"><span class=\"et-pb-icon et-waypoint et_pb_animation_top et_pb_animation_top_tablet et_pb_animation_top_phone\">}<\/span><\/span><\/div><div class=\"et_pb_blurb_container\"><h4 class=\"et_pb_module_header\">15:00 \u2013 sauna und networking <\/h4><\/div><\/div><\/div>\n\n<div class=\"et_pb_blurb_2 et_pb_blurb et_pb_bg_layout_dark et_pb_blurb_position_left et_pb_module et_flex_module no-animation preset--group--divi-blurb--divi-attributes--twr99x2w27\"><div class=\"et_pb_blurb_content et_flex_module\"><div class=\"et_pb_main_blurb_image\"><span class=\"et_pb_image_wrap\"><span class=\"et-pb-icon et-waypoint et_pb_animation_top et_pb_animation_top_tablet et_pb_animation_top_phone\">\ue01d<\/span><\/span><\/div><div class=\"et_pb_blurb_container\"><h4 class=\"et_pb_module_header\">Die Botschaft der Republik Estland Hildebrandstrasse 5, 10785 Berlin  <\/h4><\/div><\/div><\/div>\n<\/div>\n<\/div>\n<\/div>\n\n<div class=\"et_pb_row_1 et_pb_row et_flex_row\">\n<div class=\"et_pb_column_2 et_pb_column et-last-child et_grid_column et_pb_css_mix_blend_mode_passthrough et_flex_column_24_24 et_flex_column_24_24_tablet et_flex_column_24_24_phone\">\n<div class=\"et_pb_image_2 et_pb_image et_pb_module et_flex_module\"><span class=\"et_pb_image_wrap\"><img loading=\"lazy\" decoding=\"async\" src=\"https:\/\/netgroup.com\/special\/wp-content\/uploads\/2024\/05\/NetGroup_Logo_Coloured_Red_RGB.png\" width=\"504\" height=\"210\" srcset=\"https:\/\/netgroup.com\/special\/wp-content\/uploads\/2024\/05\/NetGroup_Logo_Coloured_Red_RGB.png 504w, https:\/\/netgroup.com\/special\/wp-content\/uploads\/2024\/05\/NetGroup_Logo_Coloured_Red_RGB-480x200.png 480w\" sizes=\"(min-width: 0px) and (max-width: 480px) 480px, (min-width: 481px) 504px, 100vw\" class=\"wp-image-2011\" \/><\/span><\/div>\n\n<div class=\"et_pb_image_3 et_pb_image et_pb_module et_flex_module\"><span class=\"et_pb_image_wrap\"><img loading=\"lazy\" decoding=\"async\" src=\"https:\/\/netgroup.com\/special\/wp-content\/uploads\/2026\/04\/XAAS-Logo-Plain-Black-1.svg\" title=\"XAAS-Logo-Plain-Black (1)\" width=\"960\" height=\"240\" sizes=\"(min-width: 0px) and (max-width: 0px) 0px, (min-width: 1px) 960px, 100vw\" class=\"wp-image-4445\" \/><\/span><\/div>\n\n<div class=\"et_pb_image_4 et_pb_image et_pb_module et_flex_module\"><span class=\"et_pb_image_wrap\"><img loading=\"lazy\" decoding=\"async\" src=\"https:\/\/netgroup.com\/special\/wp-content\/uploads\/2026\/04\/waldur-logo.webp\" title=\"waldur-logo\" width=\"1200\" height=\"230\" srcset=\"https:\/\/netgroup.com\/special\/wp-content\/uploads\/2026\/04\/waldur-logo.webp 1200w, https:\/\/netgroup.com\/special\/wp-content\/uploads\/2026\/04\/waldur-logo-980x188.webp 980w, https:\/\/netgroup.com\/special\/wp-content\/uploads\/2026\/04\/waldur-logo-480x92.webp 480w\" sizes=\"(min-width: 0px) and (max-width: 480px) 480px, (min-width: 481px) and (max-width: 980px) 980px, (min-width: 981px) 1200px, 100vw\" class=\"wp-image-4446\" \/><\/span><\/div>\n\n<div class=\"et_pb_image_5 et_pb_image et_pb_module et_flex_module\"><span class=\"et_pb_image_wrap\"><img loading=\"lazy\" decoding=\"async\" src=\"https:\/\/netgroup.com\/special\/wp-content\/uploads\/2026\/04\/berlin-ENG.svg\" title=\"berlin-ENG\" width=\"160\" height=\"51\" sizes=\"(min-width: 0px) and (max-width: 0px) 0px, (min-width: 1px) 160px, 100vw\" class=\"wp-image-4426\" \/><\/span><\/div>\n<\/div>\n<\/div>\n<\/div>\n\n<div class=\"et_pb_section_1 et_pb_section et_section_regular et_block_section\">\n<div class=\"et_pb_row_2 et_pb_row et_block_row\">\n<div class=\"et_pb_column_3 et_pb_column et_pb_column_4_4 et-last-child et_block_column et_pb_css_mix_blend_mode_passthrough\">\n<div class=\"et_pb_image_6 et_pb_image et_pb_module et_block_module\"><span class=\"et_pb_image_wrap\"><img loading=\"lazy\" decoding=\"async\" src=\"https:\/\/netgroup.com\/special\/wp-content\/uploads\/2024\/05\/ai_lines.svg\" width=\"0\" height=\"0\" class=\"wp-image-1959\" \/><\/span><\/div>\n<\/div>\n<\/div>\n<\/div>\n\n<div class=\"et_pb_section_2 et_pb_section et_section_regular et_block_section\">\n<div class=\"et_pb_row_3 et_pb_row et_flex_row\" id=\"programme\">\n<div class=\"et_pb_column_4 et_pb_column et_flex_column et_pb_css_mix_blend_mode_passthrough et_flex_column_24_24 et_flex_column_24_24_tablet et_flex_column_24_24_phone no-animation\">\n<div class=\"et_pb_text_3 et_pb_text et_pb_bg_layout_light et_pb_module et_block_module heading-xxl\"><div class=\"et_pb_text_inner\"><h3>15:00 | Gru\u00dfbotschaft der Botschaft<\/h3>\n<p>Protokollarische Er\u00f6ffnung durch einen Vertreter der Estnischen Botschaft.<\/p>\n<\/div><\/div>\n\n<div class=\"et_pb_divider_0 et_pb_divider et_pb_space et_pb_divider_position_center et_pb_module\"><div class=\"et_pb_divider_internal\"><\/div><\/div>\n\n<div class=\"et_pb_text_4 et_pb_text et_pb_bg_layout_light et_pb_module et_block_module heading-xxl\"><div class=\"et_pb_text_inner\"><h3>15:15 | Keynote Speech: Carola Heilemann-Jeschke, CIO, Abteilungsleiterin Zentrales<\/h3>\n<p>IT-Management und Digitalisierung \u00f6ffentlicher Dienste bei Der Senator f\u00fcr Finanzen, Freie Hansestadt Bremen<\/p>\n<\/div><\/div>\n\n<div class=\"et_pb_divider_1 et_pb_divider et_pb_space et_pb_divider_position_center et_pb_module\"><div class=\"et_pb_divider_internal\"><\/div><\/div>\n\n<div class=\"et_pb_text_5 et_pb_text et_pb_bg_layout_light et_pb_module et_block_module heading-xxl\"><div class=\"et_pb_text_inner\"><h3>15:45 | Paneldiskussion: Rolle, Kompetenzen und Weiterentwicklung von IT-Dienstleistern<\/h3>\n<p>Hier treten Vertreter \u00f6ffentlicher IT-Dienstleister sowie Verwaltungsseite auf. Moderation: XAAS GmbH<\/p>\n<\/div><\/div>\n\n<div class=\"et_pb_divider_2 et_pb_divider et_pb_space et_pb_divider_position_center et_pb_module\"><div class=\"et_pb_divider_internal\"><\/div><\/div>\n\n<div class=\"et_pb_text_6 et_pb_text et_pb_bg_layout_light et_pb_module et_block_module heading-xxl\"><div class=\"et_pb_text_inner\"><h3>16:30 | Impulsvortrag; Self Service als stille Machtverschiebung zwischen Dienstleister und Verwaltung.<\/h3>\n<p>Fynn Gauda, XAAS GmbH<\/p>\n<\/div><\/div>\n\n<div class=\"et_pb_divider_3 et_pb_divider et_pb_space et_pb_divider_position_center et_pb_module\"><div class=\"et_pb_divider_internal\"><\/div><\/div>\n\n<div class=\"et_pb_text_7 et_pb_text et_pb_bg_layout_light et_pb_module et_block_module heading-xxl\"><div class=\"et_pb_text_inner\"><h3>17:00 | Waldur als Self-Service-Portal. Ilya Livenson, OpenNode O\u00dc<\/h3>\n<p>Vorstellung der Open-Source-Plattform Waldur durch OpenNode. Waldur ist ein Werkzeug, um Cloud-Ressourcen im Self-Service f\u00fcr Beh\u00f6rden und Verwaltungseinheiten bereitzustellen, also ein konkretes Beispiel daf\u00fcr, wie sich der Plattformbetreiber-Gedanke\u202foperativ\u202fanf\u00fchlt und aussieht. Waldur ist ein Open Source project.<\/p>\n<\/div><\/div>\n\n<div class=\"et_pb_divider_4 et_pb_divider et_pb_space et_pb_divider_position_center et_pb_module\"><div class=\"et_pb_divider_internal\"><\/div><\/div>\n\n<div class=\"et_pb_text_8 et_pb_text et_pb_bg_layout_light et_pb_module et_block_module heading-xxl\"><div class=\"et_pb_text_inner\"><h3>17:30 | Praktische Umsetzung \/ Live-Demo. Matthias Voss, Ilya Livenson, Fynn Gauda<\/h3>\n<p>Einblick in die praktische Bereitstellung durch Net Group und OpenNode-Kollegen aus Estland, die genau diese Art von Services f\u00fcr die estnische Regierung seit Jahren betreiben. Self-service Platform ist kein theoretisches Konstrukt, sondern im estnischen Kontext operativ gelebte Praxis.<\/p>\n<\/div><\/div>\n\n<div class=\"et_pb_divider_5 et_pb_divider et_pb_space et_pb_divider_position_center et_pb_module\"><div class=\"et_pb_divider_internal\"><\/div><\/div>\n\n<div class=\"et_pb_text_9 et_pb_text et_pb_bg_layout_light et_pb_module et_block_module heading-xxl\"><div class=\"et_pb_text_inner\"><h3>18:00 | Grill &amp; Networking in der Botschaft<\/h3>\n<p>Informeller Ausklang in der Botschaft mit Speisen und Getr\u00e4nken. Erfahrungsgem\u00e4\u00df entstehen hier die anschlussf\u00e4higsten Gespr\u00e4che.<\/p>\n<\/div><\/div>\n\n<div class=\"et_pb_divider_6 et_pb_divider et_pb_space et_pb_divider_position_center et_pb_module\"><div class=\"et_pb_divider_internal\"><\/div><\/div>\n\n<div class=\"et_pb_text_10 et_pb_text et_pb_bg_layout_light et_pb_module et_block_module heading-xxl\"><div class=\"et_pb_text_inner\"><h3>20:30 Sauna in der Botschaft f\u00fcr Interessierte<\/h3>\n<\/div><\/div>\n<\/div>\n\n<div class=\"et_pb_column_5 et_pb_column et-last-child et_flex_column et_pb_css_mix_blend_mode_passthrough et_flex_column_8_24 et_flex_column_24_24_tablet et_flex_column_24_24_phone no-animation\">\n<div class=\"et_pb_text_11 et_pb_text et_pb_bg_layout_light et_pb_module et_block_module heading-xl\"><div class=\"et_pb_text_inner\"><h2>\u00a0<br \/>Das Programm<\/h2>\n<\/div><\/div>\n<\/div>\n<\/div>\n<\/div>\n\n<div class=\"et_pb_section_3 et_pb_section et_section_regular et_block_section\">\n<div class=\"et_pb_row_4 et_pb_row et_flex_row no-animation\" id=\"rsvp\">\n<div class=\"et_pb_column_6 et_pb_column et_flex_column et_pb_css_mix_blend_mode_passthrough et_flex_column_6_24 et_flex_column_24_24_tablet et_flex_column_24_24_phone no-animation\">\n<div class=\"et_pb_text_12 et_pb_text et_pb_bg_layout_light et_pb_module et_block_module heading-xl\"><div class=\"et_pb_text_inner\"><h2><b><span data-contrast=\"auto\">RSVP<\/span><\/b><\/h2>\n<\/div><\/div>\n<\/div>\n\n<div class=\"et_pb_column_7 et_pb_column et-last-child et_flex_column et_pb_css_mix_blend_mode_passthrough et_flex_column_24_24 et_flex_column_24_24_tablet et_flex_column_24_24_phone no-animation\">\n<div class=\"et_pb_text_13 et_pb_text et_pb_bg_layout_light et_pb_module et_block_module\"><div class=\"et_pb_text_inner\"><p><script src=\"https:\/\/js-eu1.hsforms.net\/forms\/embed\/25582414.js\" defer><\/script><\/p>\n<div class=\"hs-form-frame\" data-region=\"eu1\" data-form-id=\"58439668-d4e7-4269-af06-6f4c35ad7384\" data-portal-id=\"25582414\"><\/div>\n<\/div><\/div>\n<\/div>\n<\/div>\n<\/div>\n\n<div class=\"et_pb_section_4 et_pb_section et_section_regular et_block_section\"><div class=\"et_pb_row_5 et_pb_row et_block_row no-animation preset--module--divi-row--32d95542-f55c-4f44-985b-2116fec50d1f\"><div class=\"et_pb_column_8 et_pb_column et_pb_column_1_3 et_block_column et_pb_css_mix_blend_mode_passthrough\"><div class=\"et_pb_image_7 et_pb_image et_pb_module et_block_module\"><span class=\"et_pb_image_wrap\"><img loading=\"lazy\" decoding=\"async\" src=\"https:\/\/netgroup.com\/special\/wp-content\/uploads\/2023\/01\/NetGroup_Logo_Desaturated_White_RGB.svg\" width=\"0\" height=\"0\" class=\"wp-image-9\" title=\"NetGroup_Logo_Desaturated_White_RGB\" \/><\/span><\/div><div class=\"et_pb_blurb_3 et_pb_blurb et_pb_bg_layout_dark et_pb_blurb_position_top et_pb_module et_block_module\"><div class=\"et_pb_blurb_content\"><div class=\"et_pb_blurb_container\"><h3 class=\"et_pb_module_header\">Phone<\/h3><div class=\"et_pb_blurb_description\"><p>EST: <a href=\"tel:3726644355\">+372 664 4355<\/a><\/p>\n<p>GER: <a href=\"tel:4938185796892\">+49 381 857 96892<\/a><\/p>\n<\/div><\/div><\/div><\/div><div class=\"et_pb_blurb_4 et_pb_blurb et_pb_bg_layout_light et_pb_blurb_position_top et_pb_module et_block_module\"><div class=\"et_pb_blurb_content\"><div class=\"et_pb_blurb_container\"><h3 class=\"et_pb_module_header\">E-mail<\/h3><div class=\"et_pb_blurb_description\"><p><a href=\"mailto:info@netgroup.com\">info@netgroup.com<\/a><\/p>\n<\/div><\/div><\/div><\/div><\/div><div class=\"et_pb_column_9 et_pb_column et_pb_column_1_3 et_block_column et_pb_css_mix_blend_mode_passthrough\"><div class=\"et_pb_text_14 et_pb_text et_pb_bg_layout_dark et_pb_module et_block_module\"><div class=\"et_pb_text_inner\"><h4>Estonian Office<\/h4>\n<p>A.H. Tammsaare tee 92<br \/>Tallinn 13423<br \/>Estonia<\/p>\n<\/div><\/div><div class=\"et_pb_text_15 et_pb_text et_pb_bg_layout_dark et_pb_module et_block_module\"><div class=\"et_pb_text_inner\"><h4>German Office<\/h4>\n<p>Am B\u00e4ckerh\u00f6rn 53<br \/>18146 Rostock<br \/>Germany<\/p>\n<\/div><\/div><\/div><div class=\"et_pb_column_10 et_pb_column et_pb_column_1_3 et-last-child et_block_column et_pb_css_mix_blend_mode_passthrough\"><div class=\"et_pb_text_16 et_pb_text et_pb_bg_layout_light et_pb_module et_block_module\"><div class=\"et_pb_text_inner\"><p><a href=\"https:\/\/netgroup.com\/special\/privacy-policy\/\">Privacy policy<\/a><\/p>\n<\/div><\/div><div class=\"et_pb_text_17 et_pb_text et_pb_bg_layout_dark et_pb_module et_block_module\"><div class=\"et_pb_text_inner\"><h4>Follow Net Group<\/h4>\n<\/div><\/div><div class=\"et_pb_icon_0 et_pb_icon et_clickable et_pb_module et_block_module inline-icon\"><span class=\"et_pb_icon_wrap\"><a href=\"https:\/\/www.linkedin.com\/company\/net-group\/\" target=\"_blank\" rel=\"noopener\"><span class=\"et-pb-icon\">\ue09d<\/span><\/a><\/span><\/div><div class=\"et_pb_icon_1 et_pb_icon et_clickable et_pb_module et_block_module inline-icon\"><span class=\"et_pb_icon_wrap\"><a href=\"https:\/\/www.facebook.com\/netgroup\" target=\"_blank\" rel=\"noopener\"><span class=\"et-pb-icon\">\ue093<\/span><\/a><\/span><\/div><div class=\"et_pb_text_18 et_pb_text et_pb_bg_layout_dark et_pb_module et_block_module\"><div class=\"et_pb_text_inner\"><h4>Follow Cloud Ahoi<\/h4>\n<\/div><\/div><div class=\"et_pb_icon_2 et_pb_icon et_clickable et_pb_module et_block_module inline-icon\"><span class=\"et_pb_icon_wrap\"><a href=\"https:\/\/www.linkedin.com\/company\/cloud-ahoi\/\" target=\"_blank\" rel=\"noopener\"><span class=\"et-pb-icon\">\ue09d<\/span><\/a><\/span><\/div><\/div><\/div><\/div>\n\n<div class=\"et_pb_section_5 et_pb_section et_section_regular et_block_section\">\n<div class=\"et_pb_row_6 et_pb_row et_pb_equal_columns et_pb_gutters2 et_block_row no-animation\">\n<div class=\"et_pb_column_11 et_pb_column et_pb_column_1_2 et_block_column et_pb_css_mix_blend_mode_passthrough\">\n<div class=\"et_pb_text_19 et_pb_text et_pb_bg_layout_light et_pb_module et_block_module\"><div class=\"et_pb_text_inner\"><h2><b><span data-contrast=\"auto\">Aeg ja Koht<\/span><\/b><span data-ccp-props=\"{}\">\u00a0<\/span><\/h2>\n<\/div><\/div>\n\n<div class=\"et_pb_blurb_5 et_pb_blurb et_pb_bg_layout_light et_pb_blurb_position_top et_pb_module et_block_module\"><div class=\"et_pb_blurb_content\"><div class=\"et_pb_main_blurb_image\"><span class=\"et_pb_image_wrap et_pb_only_image_mode_wrap\"><img loading=\"lazy\" decoding=\"async\" src=\"https:\/\/netgroup.com\/special\/wp-content\/uploads\/2023\/09\/Time.svg\" width=\"0\" height=\"0\" class=\"et-waypoint et_pb_animation_top et_pb_animation_top_tablet et_pb_animation_top_phone wp-image-1285\" \/><\/span><\/div><div class=\"et_pb_blurb_container\"><h4 class=\"et_pb_module_header\">Kuup\u00e4ev<\/h4><div class=\"et_pb_blurb_description\"><p>05.juuni 2024<\/p>\n<\/div><\/div><\/div><\/div>\n\n<div class=\"et_pb_blurb_6 et_pb_blurb et_pb_bg_layout_light et_pb_blurb_position_top et_pb_module et_block_module\"><div class=\"et_pb_blurb_content\"><div class=\"et_pb_main_blurb_image\"><span class=\"et_pb_image_wrap et_pb_only_image_mode_wrap\"><img loading=\"lazy\" decoding=\"async\" src=\"https:\/\/netgroup.com\/special\/wp-content\/uploads\/2023\/09\/Time.svg\" width=\"0\" height=\"0\" class=\"et-waypoint et_pb_animation_top et_pb_animation_top_tablet et_pb_animation_top_phone wp-image-1285\" \/><\/span><\/div><div class=\"et_pb_blurb_container\"><h4 class=\"et_pb_module_header\">Aeg<\/h4><div class=\"et_pb_blurb_description\"><p>9:00<\/p>\n<\/div><\/div><\/div><\/div>\n\n<div class=\"et_pb_blurb_7 et_pb_blurb et_pb_bg_layout_light et_pb_blurb_position_top et_pb_module et_block_module\"><div class=\"et_pb_blurb_content\"><div class=\"et_pb_main_blurb_image\"><span class=\"et_pb_image_wrap et_pb_only_image_mode_wrap\"><img loading=\"lazy\" decoding=\"async\" src=\"https:\/\/netgroup.com\/special\/wp-content\/uploads\/2023\/09\/Small-business.svg\" width=\"0\" height=\"0\" class=\"et-waypoint et_pb_animation_top et_pb_animation_top_tablet et_pb_animation_top_phone wp-image-1279\" \/><\/span><\/div><div class=\"et_pb_blurb_container\"><h4 class=\"et_pb_module_header\">Asukoht<\/h4><div class=\"et_pb_blurb_description\"><p>Restoran Platz, Tallinn<\/p>\n<\/div><\/div><\/div><\/div>\n<\/div>\n\n<div class=\"et_pb_column_12 et_pb_column et_pb_column_1_2 et-last-child et_block_column et_pb_css_mix_blend_mode_passthrough no-animation\">\n<div class=\"et_pb_text_20 et_pb_text et_pb_bg_layout_light et_pb_module et_block_module heading-xxl\"><div class=\"et_pb_text_inner\"><h2>Agenda<\/h2>\n<\/div><\/div>\n\n<div class=\"et_pb_text_21 et_pb_text et_pb_bg_layout_light et_pb_module et_block_module heading-xxl\"><div class=\"et_pb_text_inner\"><h3><b><span data-contrast=\"auto\">08:45 - 09:00<\/span><\/b><span data-ccp-props=\"{}\">\u00a0<\/span><\/h3>\n<p><span data-contrast=\"auto\">Tervituskohv ja kogunemine<\/span><span data-ccp-props=\"{}\">\u00a0<\/span><\/p>\n<\/div><\/div>\n\n<div class=\"et_pb_divider_7 et_pb_divider et_pb_space et_pb_divider_position_center et_pb_module\"><div class=\"et_pb_divider_internal\"><\/div><\/div>\n\n<div class=\"et_pb_text_22 et_pb_text et_pb_bg_layout_light et_pb_module et_block_module heading-xxl\"><div class=\"et_pb_text_inner\"><h3>09:00 \u2013 09:30<\/h3>\n<p>Mida AI saab sinu ettev\u00f5tte jaoks teha?<\/p>\n<\/div><\/div>\n\n<div class=\"et_pb_divider_8 et_pb_divider et_pb_space et_pb_divider_position_center et_pb_module\"><div class=\"et_pb_divider_internal\"><\/div><\/div>\n\n<div class=\"et_pb_text_23 et_pb_text et_pb_bg_layout_light et_pb_module et_block_module heading-xxl\"><div class=\"et_pb_text_inner\"><h3>09:30 - 10:00<\/h3>\n<p>\u00d5iguslikud aspektid AI lahenduste kasutamisel<\/p>\n<\/div><\/div>\n\n<div class=\"et_pb_divider_9 et_pb_divider et_pb_space et_pb_divider_position_center et_pb_module\"><div class=\"et_pb_divider_internal\"><\/div><\/div>\n\n<div class=\"et_pb_text_24 et_pb_text et_pb_bg_layout_light et_pb_module et_block_module heading-xxl\"><div class=\"et_pb_text_inner\"><h3>10:00 - 10:15<\/h3>\n<p>Q&amp;A ja arutelud<\/p>\n<\/div><\/div>\n\n<div class=\"et_pb_divider_10 et_pb_divider et_pb_space et_pb_divider_position_center et_pb_module\"><div class=\"et_pb_divider_internal\"><\/div><\/div>\n\n<div class=\"et_pb_text_25 et_pb_text et_pb_bg_layout_light et_pb_module et_block_module heading-xxl\"><div class=\"et_pb_text_inner\"><h3>10:15 - 11:00<\/h3>\n<p>Networking<\/p>\n<\/div><\/div>\n<\/div>\n<\/div>\n<\/div>","protected":false},"excerpt":{"rendered":"","protected":false},"author":2,"featured_media":0,"parent":0,"menu_order":0,"comment_status":"closed","ping_status":"closed","template":"","meta":{"content-type":"","inline_featured_image":false,"footnotes":""},"class_list":["post-4442","page","type-page","status-publish","hentry"],"_links":{"self":[{"href":"https:\/\/netgroup.com\/special\/wp-json\/wp\/v2\/pages\/4442","targetHints":{"allow":["GET"]}}],"collection":[{"href":"https:\/\/netgroup.com\/special\/wp-json\/wp\/v2\/pages"}],"about":[{"href":"https:\/\/netgroup.com\/special\/wp-json\/wp\/v2\/types\/page"}],"author":[{"embeddable":true,"href":"https:\/\/netgroup.com\/special\/wp-json\/wp\/v2\/users\/2"}],"replies":[{"embeddable":true,"href":"https:\/\/netgroup.com\/special\/wp-json\/wp\/v2\/comments?post=4442"}],"version-history":[{"count":7,"href":"https:\/\/netgroup.com\/special\/wp-json\/wp\/v2\/pages\/4442\/revisions"}],"predecessor-version":[{"id":4451,"href":"https:\/\/netgroup.com\/special\/wp-json\/wp\/v2\/pages\/4442\/revisions\/4451"}],"wp:attachment":[{"href":"https:\/\/netgroup.com\/special\/wp-json\/wp\/v2\/media?parent=4442"}],"curies":[{"name":"wp","href":"https:\/\/api.w.org\/{rel}","templated":true}]}}